{"id":1284,"date":"2017-12-27T12:31:59","date_gmt":"2017-12-27T15:31:59","guid":{"rendered":"http:\/\/meriansrl.com\/home\/?post_type=product&#038;p=1284"},"modified":"2020-08-06T16:33:13","modified_gmt":"2020-08-06T19:33:13","slug":"md1-cable-elevador-electrico","status":"publish","type":"product","link":"https:\/\/meriansrl.com\/home\/producto\/md1-cable-elevador-electrico\/","title":{"rendered":"MD1 Cable elevador el\u00e9ctrico"},"content":{"rendered":"","protected":false},"excerpt":{"rendered":"<p>Creados para levantar objetos muy pesados. Pueden fijarse en una vigas, gr\u00faas y dem\u00e1s. M\u00e1s informaci\u00f3n en la descripci\u00f3n del producto.<\/p>\n","protected":false},"featured_media":2370,"comment_status":"open","ping_status":"closed","template":"","meta":[],"class_list":{"0":"post-1284","1":"product","2":"type-product","3":"status-publish","4":"has-post-thumbnail","6":"product_cat-accesorios-aparejos","8":"first","9":"instock","10":"taxable","11":"shipping-taxable","12":"product-type-simple"},"_links":{"self":[{"href":"https:\/\/meriansrl.com\/home\/wp-json\/wp\/v2\/product\/1284","targetHints":{"allow":["GET"]}}],"collection":[{"href":"https:\/\/meriansrl.com\/home\/wp-json\/wp\/v2\/product"}],"about":[{"href":"https:\/\/meriansrl.com\/home\/wp-json\/wp\/v2\/types\/product"}],"replies":[{"embeddable":true,"href":"https:\/\/meriansrl.com\/home\/wp-json\/wp\/v2\/comments?post=1284"}],"wp:featuredmedia":[{"embeddable":true,"href":"https:\/\/meriansrl.com\/home\/wp-json\/wp\/v2\/media\/2370"}],"wp:attachment":[{"href":"https:\/\/meriansrl.com\/home\/wp-json\/wp\/v2\/media?parent=1284"}],"curies":[{"name":"wp","href":"https:\/\/api.w.org\/{rel}","templated":true}]}}