{"id":1351,"date":"2017-12-28T11:51:42","date_gmt":"2017-12-28T14:51:42","guid":{"rendered":"http:\/\/meriansrl.com\/home\/?post_type=product&#038;p=1351"},"modified":"2020-05-19T12:45:04","modified_gmt":"2020-05-19T15:45:04","slug":"electrodos-arcair","status":"publish","type":"product","link":"https:\/\/meriansrl.com\/home\/producto\/electrodos-arcair\/","title":{"rendered":"Electrodos Arcair"},"content":{"rendered":"<p><img loading=\"lazy\" decoding=\"async\" class=\"alignnone size-full wp-image-1355\" src=\"http:\/\/meriansrl.com\/home\/wp-content\/uploads\/2017\/12\/Inf-Tec-18.png\" alt=\"\" width=\"534\" height=\"263\" \/><\/p>\n<p><img loading=\"lazy\" decoding=\"async\" class=\"alignnone size-full wp-image-3875\" src=\"https:\/\/meriansrl.com\/home\/wp-content\/uploads\/2017\/12\/caract-pinza.png\" alt=\"\" width=\"295\" height=\"278\" \/><\/p>\n","protected":false},"excerpt":{"rendered":"<p>Electrodos de ranurado de punta revestida de cobre para uso general. Su capa mejora la conductividad el\u00e9ctrica (para un enfriamiento m\u00e1s eficiente) y ayuda a mantener el di\u00e1metro del electrodo en el punto correcto del arco.<\/p>\n","protected":false},"featured_media":1356,"comment_status":"open","ping_status":"closed","template":"","meta":[],"class_list":{"0":"post-1351","1":"product","2":"type-product","3":"status-publish","4":"has-post-thumbnail","6":"product_cat-electrodos-aceros-no-aleados-corte-y-repelado","7":"product_cat-electrodos","8":"product_cat-soldadura-y-corte","9":"product_tag-arcair","10":"product_tag-electrodos-arcair","11":"product_tag-equipos-de-soldadura","12":"product_tag-equipos-de-soldadura-y-corte","13":"product_tag-equipos-para-electrodos-revestidos-mma","14":"yith_product_brand-arcair","16":"first","17":"instock","18":"taxable","19":"shipping-taxable","20":"product-type-simple"},"_links":{"self":[{"href":"https:\/\/meriansrl.com\/home\/wp-json\/wp\/v2\/product\/1351","targetHints":{"allow":["GET"]}}],"collection":[{"href":"https:\/\/meriansrl.com\/home\/wp-json\/wp\/v2\/product"}],"about":[{"href":"https:\/\/meriansrl.com\/home\/wp-json\/wp\/v2\/types\/product"}],"replies":[{"embeddable":true,"href":"https:\/\/meriansrl.com\/home\/wp-json\/wp\/v2\/comments?post=1351"}],"wp:featuredmedia":[{"embeddable":true,"href":"https:\/\/meriansrl.com\/home\/wp-json\/wp\/v2\/media\/1356"}],"wp:attachment":[{"href":"https:\/\/meriansrl.com\/home\/wp-json\/wp\/v2\/media?parent=1351"}],"curies":[{"name":"wp","href":"https:\/\/api.w.org\/{rel}","templated":true}]}}