{"id":1389,"date":"2017-12-29T10:13:33","date_gmt":"2017-12-29T13:13:33","guid":{"rendered":"http:\/\/meriansrl.com\/home\/?post_type=product&#038;p=1389"},"modified":"2020-10-23T17:10:54","modified_gmt":"2020-10-23T20:10:54","slug":"soldadoras-rectificadoras-inverter-tig-ac-dc","status":"publish","type":"product","link":"https:\/\/meriansrl.com\/home\/producto\/soldadoras-rectificadoras-inverter-tig-ac-dc\/","title":{"rendered":"Soldadoras Rectificadoras Inverter + TIG AC\/DC"},"content":{"rendered":"<p>Un simple sin\u00f3ptico simplifica la elecci\u00f3n entre los diferentes tipo de soldadura (STICK, TIG DC, TIG DC PULSADO y TIG AC) y<br \/>\nla regulaci\u00f3n de los diferentes par\u00e1metros de corriente, de soldadura, b\u00e1sica y de pico, y de los tiempos del impulso, de la<br \/>\nrampa de bajada y de post gas. La funci\u00f3n de equilibrado permite regular la relaci\u00f3n entre penetraci\u00f3n y limpieza del ba\u00f1o de<br \/>\nsoldadura. Ideal para la industria, la construcci\u00f3n met\u00e1lica, la automatizaci\u00f3n en aluminio, etc.<\/p>\n<p><img loading=\"lazy\" decoding=\"async\" class=\"alignnone wp-image-4620 size-full\" src=\"https:\/\/meriansrl.com\/home\/wp-content\/uploads\/2017\/12\/carac-svt200ad-y-315pad.png\" alt=\"\" width=\"539\" height=\"504\" srcset=\"https:\/\/meriansrl.com\/home\/wp-content\/uploads\/2017\/12\/carac-svt200ad-y-315pad.png 539w, https:\/\/meriansrl.com\/home\/wp-content\/uploads\/2017\/12\/carac-svt200ad-y-315pad-400x374.png 400w\" sizes=\"auto, (max-width: 539px) 100vw, 539px\" \/><\/p>\n","protected":false},"excerpt":{"rendered":"<p>Inverter de soldadura trifasicas dise\u00f1ados para garantizar una \u00f3ptima calidad de soldadura, fiabilidad y sencillez de utilizaci\u00f3n en la soldadura TIG en corriente continua y alternada, y en la soldadura de todos los electrodos comerciales revestidos.<\/p>\n","protected":false},"featured_media":4619,"comment_status":"open","ping_status":"closed","template":"","meta":[],"class_list":{"0":"post-1389","1":"product","2":"type-product","3":"status-publish","4":"has-post-thumbnail","6":"product_cat-equipos-para-soldadura-tig","7":"product_cat-rectificadoras-invertes-tig-acdc","8":"product_cat-soldadura-y-corte","9":"product_tag-equipos-de-corte-plasma","10":"product_tag-equipos-de-soldadura-y-corte","11":"product_tag-equipos-para-soldadura-tig","12":"product_tag-motosoldadoras","13":"product_tag-soldadoras-rectificadoras-inverter-tig-ac-dc","14":"yith_product_brand-bluweld","16":"first","17":"instock","18":"taxable","19":"shipping-taxable","20":"product-type-simple"},"_links":{"self":[{"href":"https:\/\/meriansrl.com\/home\/wp-json\/wp\/v2\/product\/1389","targetHints":{"allow":["GET"]}}],"collection":[{"href":"https:\/\/meriansrl.com\/home\/wp-json\/wp\/v2\/product"}],"about":[{"href":"https:\/\/meriansrl.com\/home\/wp-json\/wp\/v2\/types\/product"}],"replies":[{"embeddable":true,"href":"https:\/\/meriansrl.com\/home\/wp-json\/wp\/v2\/comments?post=1389"}],"wp:featuredmedia":[{"embeddable":true,"href":"https:\/\/meriansrl.com\/home\/wp-json\/wp\/v2\/media\/4619"}],"wp:attachment":[{"href":"https:\/\/meriansrl.com\/home\/wp-json\/wp\/v2\/media?parent=1389"}],"curies":[{"name":"wp","href":"https:\/\/api.w.org\/{rel}","templated":true}]}}