{"id":1396,"date":"2017-12-29T10:25:33","date_gmt":"2017-12-29T13:25:33","guid":{"rendered":"http:\/\/meriansrl.com\/home\/?post_type=product&#038;p=1396"},"modified":"2018-02-27T12:04:58","modified_gmt":"2018-02-27T15:04:58","slug":"soldadoras-rectificadoras-inverter-tig-dc","status":"publish","type":"product","link":"https:\/\/meriansrl.com\/home\/producto\/soldadoras-rectificadoras-inverter-tig-dc\/","title":{"rendered":"Soldadoras Rectificadoras Inverter + TIG DC"},"content":{"rendered":"<p>Controlados por microprocesadores, presentan \u00f3ptimas prestaciones de soldadura en Stick con todos los tipos de electrodos comerciales. BLUTEC 180T, 225T, 325T y 400T en TIG con detonador HF con materiales como acero, cobre, acero inoxidable, etc. Provistos con torcha, cable y pinza masa.<br \/>\nSTICK: Arc Force y hot Start preconfigurados en los valores \u00f3ptimos. TIG: 2 tiempos, 4 tiempos, 2 tiempos a impulsos o 4 tiempos a impulsos = Arco Pulsado.<br \/>\nFunciones de rampa de bajada y post gas ajustables directamente mediante el cuadro frontal. Los modelos BLUTEC 225T, 325T y 400T se ha equipado con un instrumento digital para la visualizaci\u00f3n de la corriente real de soldadura.<\/p>\n<p><img loading=\"lazy\" decoding=\"async\" class=\"alignnone size-full wp-image-1397\" src=\"http:\/\/meriansrl.com\/home\/wp-content\/uploads\/2017\/12\/Inf-Tec-28.png\" alt=\"\" width=\"1004\" height=\"359\" srcset=\"https:\/\/meriansrl.com\/home\/wp-content\/uploads\/2017\/12\/Inf-Tec-28.png 1004w, https:\/\/meriansrl.com\/home\/wp-content\/uploads\/2017\/12\/Inf-Tec-28-600x215.png 600w, https:\/\/meriansrl.com\/home\/wp-content\/uploads\/2017\/12\/Inf-Tec-28-768x275.png 768w\" sizes=\"auto, (max-width: 1004px) 100vw, 1004px\" \/><\/p>\n","protected":false},"excerpt":{"rendered":"<p>Inverter de soldadura dise\u00f1ados para poder trabajar con tensiones de alimentaci\u00f3n inestables causadas por la utilizaci\u00f3n de grupos electr\u00f3genos o largas l\u00edneas de conexi\u00f3n.<\/p>\n","protected":false},"featured_media":1399,"comment_status":"open","ping_status":"closed","template":"","meta":[],"class_list":{"0":"post-1396","1":"product","2":"type-product","3":"status-publish","4":"has-post-thumbnail","6":"product_cat-equipos-de-corte-plasma","7":"product_cat-equipos-de-soldadura","8":"product_cat-equipos-para-soldadura-tig","9":"product_cat-motosoldadoras","10":"product_cat-soldadura-y-corte","11":"product_tag-blueweld","12":"product_tag-equipos-de-corte-plasma","13":"product_tag-equipos-de-soldadura","14":"product_tag-equipos-de-soldadura-y-corte","15":"product_tag-equipos-para-soldadura-tig","16":"product_tag-motosoldadoras","17":"product_tag-soldadoras-rectificadoras-inverter-tig-dc","19":"first","20":"instock","21":"taxable","22":"shipping-taxable","23":"product-type-simple"},"_links":{"self":[{"href":"https:\/\/meriansrl.com\/home\/wp-json\/wp\/v2\/product\/1396","targetHints":{"allow":["GET"]}}],"collection":[{"href":"https:\/\/meriansrl.com\/home\/wp-json\/wp\/v2\/product"}],"about":[{"href":"https:\/\/meriansrl.com\/home\/wp-json\/wp\/v2\/types\/product"}],"replies":[{"embeddable":true,"href":"https:\/\/meriansrl.com\/home\/wp-json\/wp\/v2\/comments?post=1396"}],"wp:featuredmedia":[{"embeddable":true,"href":"https:\/\/meriansrl.com\/home\/wp-json\/wp\/v2\/media\/1399"}],"wp:attachment":[{"href":"https:\/\/meriansrl.com\/home\/wp-json\/wp\/v2\/media?parent=1396"}],"curies":[{"name":"wp","href":"https:\/\/api.w.org\/{rel}","templated":true}]}}