{"id":1405,"date":"2017-12-29T10:50:40","date_gmt":"2017-12-29T13:50:40","guid":{"rendered":"http:\/\/meriansrl.com\/home\/?post_type=product&#038;p=1405"},"modified":"2020-08-12T14:49:59","modified_gmt":"2020-08-12T17:49:59","slug":"accesorios-estandars-y-opcionales-spot","status":"publish","type":"product","link":"https:\/\/meriansrl.com\/home\/producto\/accesorios-estandars-y-opcionales-spot\/","title":{"rendered":"Accesorios Standart y Opcionales Spot"},"content":{"rendered":"<p><img loading=\"lazy\" decoding=\"async\" class=\"alignnone size-full wp-image-1406\" src=\"http:\/\/meriansrl.com\/home\/wp-content\/uploads\/2017\/12\/Inf-Tec-29.png\" alt=\"\" width=\"451\" height=\"491\" \/><\/p>\n","protected":false},"excerpt":{"rendered":"<p>Accesorios est\u00e1ndar y opcionales para equipos de soldadura por resistencia, monof\u00e1sicos y bif\u00e1sicos, multiproceso y con control por microprocesador.<\/p>\n","protected":false},"featured_media":1415,"comment_status":"open","ping_status":"closed","template":"","meta":[],"class_list":{"0":"post-1405","1":"product","2":"type-product","3":"status-publish","4":"has-post-thumbnail","6":"product_cat-accesorios","7":"product_cat-equipos-de-soldadura","8":"product_cat-soldadura-y-corte","9":"product_tag-accesorios-estandars-y-opcionales","10":"product_tag-accesorios-estandars-y-opcionales-spot","11":"product_tag-de-punto","12":"product_tag-equipos-de-corte-plasma","13":"product_tag-equipos-de-soldadura","14":"product_tag-equipos-de-soldadura-y-corte","15":"product_tag-monofasicos-y-bifasicos","16":"product_tag-multiproceso","17":"product_tag-resistencia","19":"first","20":"instock","21":"taxable","22":"shipping-taxable","23":"product-type-simple"},"_links":{"self":[{"href":"https:\/\/meriansrl.com\/home\/wp-json\/wp\/v2\/product\/1405","targetHints":{"allow":["GET"]}}],"collection":[{"href":"https:\/\/meriansrl.com\/home\/wp-json\/wp\/v2\/product"}],"about":[{"href":"https:\/\/meriansrl.com\/home\/wp-json\/wp\/v2\/types\/product"}],"replies":[{"embeddable":true,"href":"https:\/\/meriansrl.com\/home\/wp-json\/wp\/v2\/comments?post=1405"}],"wp:featuredmedia":[{"embeddable":true,"href":"https:\/\/meriansrl.com\/home\/wp-json\/wp\/v2\/media\/1415"}],"wp:attachment":[{"href":"https:\/\/meriansrl.com\/home\/wp-json\/wp\/v2\/media?parent=1405"}],"curies":[{"name":"wp","href":"https:\/\/api.w.org\/{rel}","templated":true}]}}