{"id":1444,"date":"2017-12-29T11:56:03","date_gmt":"2017-12-29T14:56:03","guid":{"rendered":"http:\/\/meriansrl.com\/home\/?post_type=product&#038;p=1444"},"modified":"2020-08-12T15:22:06","modified_gmt":"2020-08-12T18:22:06","slug":"electrovalvulas-para-gas","status":"publish","type":"product","link":"https:\/\/meriansrl.com\/home\/producto\/electrovalvulas-para-gas\/","title":{"rendered":"Electrovalvulas para Gas"},"content":{"rendered":"<p><img loading=\"lazy\" decoding=\"async\" class=\"alignnone size-full wp-image-1447\" src=\"http:\/\/meriansrl.com\/home\/wp-content\/uploads\/2017\/12\/Inf-Tec-38.png\" alt=\"\" width=\"513\" height=\"196\" \/><\/p>\n","protected":false},"excerpt":{"rendered":"<p>Si desea consultar alg\u00fan detalle sobre nuestras\u00a0Electrov\u00e1lvulas para Gas, real\u00edcelo desde el mini-formulario que se encuentra a continuaci\u00f3n.<\/p>\n","protected":false},"featured_media":1446,"comment_status":"open","ping_status":"closed","template":"","meta":[],"class_list":{"0":"post-1444","1":"product","2":"type-product","3":"status-publish","4":"has-post-thumbnail","6":"product_cat-accesorios","7":"product_cat-soldadura-y-corte","8":"product_tag-accesorios","9":"product_tag-electrovalvulas","10":"product_tag-electrovalvulas-para-gas","11":"product_tag-equipos-de-corte-plasma","12":"product_tag-equipos-de-soldadura-y-corte","14":"first","15":"instock","16":"taxable","17":"shipping-taxable","18":"product-type-simple"},"_links":{"self":[{"href":"https:\/\/meriansrl.com\/home\/wp-json\/wp\/v2\/product\/1444","targetHints":{"allow":["GET"]}}],"collection":[{"href":"https:\/\/meriansrl.com\/home\/wp-json\/wp\/v2\/product"}],"about":[{"href":"https:\/\/meriansrl.com\/home\/wp-json\/wp\/v2\/types\/product"}],"replies":[{"embeddable":true,"href":"https:\/\/meriansrl.com\/home\/wp-json\/wp\/v2\/comments?post=1444"}],"wp:featuredmedia":[{"embeddable":true,"href":"https:\/\/meriansrl.com\/home\/wp-json\/wp\/v2\/media\/1446"}],"wp:attachment":[{"href":"https:\/\/meriansrl.com\/home\/wp-json\/wp\/v2\/media?parent=1444"}],"curies":[{"name":"wp","href":"https:\/\/api.w.org\/{rel}","templated":true}]}}