{"id":1498,"date":"2018-01-02T12:07:43","date_gmt":"2018-01-02T15:07:43","guid":{"rendered":"http:\/\/meriansrl.com\/home\/?post_type=product&#038;p=1498"},"modified":"2018-01-11T12:46:10","modified_gmt":"2018-01-11T15:46:10","slug":"soldadoras-mig-src-control-tiristores","status":"publish","type":"product","link":"https:\/\/meriansrl.com\/home\/producto\/soldadoras-mig-src-control-tiristores\/","title":{"rendered":"Soldadoras MIG SRC Control Tiristores"},"content":{"rendered":"<p>Equipadas con regulaci\u00f3n de la tensi\u00f3n a tiristores (SCR Control) y display para la visualizaci\u00f3n de la corriente de soldadura y de la tensi\u00f3n del arco. Dotadas de chequeo de gas y prueba de motor tirahilo directo y selector de modo de uso dos tiempos (2T) y cuatro tiempos (4T).<br \/>\nPotenci\u00f3metros individuales para regulaci\u00f3n de potencia y velocidad de alambre. Carro tirahilo de cuatro rodillos y conexi\u00f3n de cables de 5 mtrs de extensi\u00f3n entre la fuente y el carro. Torcha de 4 mtrs con euroconector, reductor de presi\u00f3n para el gas, cable y pinza de masa.<\/p>\n<p><img loading=\"lazy\" decoding=\"async\" class=\"alignnone size-full wp-image-1502\" src=\"http:\/\/meriansrl.com\/home\/wp-content\/uploads\/2018\/01\/Inf-Tec-7.png\" alt=\"\" width=\"947\" height=\"385\" srcset=\"https:\/\/meriansrl.com\/home\/wp-content\/uploads\/2018\/01\/Inf-Tec-7.png 947w, https:\/\/meriansrl.com\/home\/wp-content\/uploads\/2018\/01\/Inf-Tec-7-600x244.png 600w, https:\/\/meriansrl.com\/home\/wp-content\/uploads\/2018\/01\/Inf-Tec-7-768x312.png 768w\" sizes=\"auto, (max-width: 947px) 100vw, 947px\" \/><\/p>\n","protected":false},"excerpt":{"rendered":"<p>Semiautom\u00e1ticas industriales de hilo continuo trif\u00e1sicas con ruedas, fuentes con devanador separado para bobinas de 5 a 18 kgrs.<\/p>\n","protected":false},"featured_media":1500,"comment_status":"open","ping_status":"closed","template":"","meta":[],"class_list":{"0":"post-1498","1":"product","2":"type-product","3":"status-publish","4":"has-post-thumbnail","6":"product_cat-motosoldadoras","7":"product_cat-equipos-para-soldadura-mig-mag","8":"product_cat-soldadura-y-corte","9":"product_tag-blueweld","10":"product_tag-equipos-de-soldadura-y-corte","11":"product_tag-equipos-para-soldadura-mig-mag","12":"product_tag-motosoldadoras","13":"product_tag-potenciometros-individuales-para-regulacion-de-potencia-y-velocidad-de-alambre","14":"product_tag-soldadoras","15":"product_tag-soldadoras-mig-src-control-tiristores","17":"first","18":"instock","19":"taxable","20":"shipping-taxable","21":"product-type-simple"},"_links":{"self":[{"href":"https:\/\/meriansrl.com\/home\/wp-json\/wp\/v2\/product\/1498","targetHints":{"allow":["GET"]}}],"collection":[{"href":"https:\/\/meriansrl.com\/home\/wp-json\/wp\/v2\/product"}],"about":[{"href":"https:\/\/meriansrl.com\/home\/wp-json\/wp\/v2\/types\/product"}],"replies":[{"embeddable":true,"href":"https:\/\/meriansrl.com\/home\/wp-json\/wp\/v2\/comments?post=1498"}],"wp:featuredmedia":[{"embeddable":true,"href":"https:\/\/meriansrl.com\/home\/wp-json\/wp\/v2\/media\/1500"}],"wp:attachment":[{"href":"https:\/\/meriansrl.com\/home\/wp-json\/wp\/v2\/media?parent=1498"}],"curies":[{"name":"wp","href":"https:\/\/api.w.org\/{rel}","templated":true}]}}