{"id":1504,"date":"2018-01-02T12:19:52","date_gmt":"2018-01-02T15:19:52","guid":{"rendered":"http:\/\/meriansrl.com\/home\/?post_type=product&#038;p=1504"},"modified":"2020-06-30T09:31:51","modified_gmt":"2020-06-30T12:31:51","slug":"soldadoras-rectificadoras-inverter-dc-celulosico","status":"publish","type":"product","link":"https:\/\/meriansrl.com\/home\/producto\/soldadoras-rectificadoras-inverter-dc-celulosico\/","title":{"rendered":"Soldadoras Rectificadoras Inverter DC Celulosico"},"content":{"rendered":"<p>F\u00e1ciles de utilizar con cualquier tipo de electrodo (rutilico, b\u00e1sico inox, etc) y equipadas con una especial funci\u00f3n de control de sobretensi\u00f3n, sobretemperatura y antiencolado. Especiales para ser alimentadas por grupos electr\u00f3genos y largas l\u00edneas de conexi\u00f3n (Alimentaciones inestables) BLUTECH160C\/200C\/211C garantiza adem\u00e1s \u00f3ptimas caracter\u00edsticas de soldadura con electrodos celul\u00f3sicos y de aluminio. Incluye kit cable y pinzas acople dinse 25 en modelo 160C y dinse 50 en Blutech 200C y 211C. Los modelos 160C incluyen adem\u00e1s malet\u00edn de transporte. BLUTEC 211C encendido TIG HF, post gas y rampa de descenso regulables.<\/p>\n<p><img loading=\"lazy\" decoding=\"async\" class=\"alignnone size-full wp-image-1506\" src=\"http:\/\/meriansrl.com\/home\/wp-content\/uploads\/2018\/01\/Inf-Tec-8.png\" alt=\"\" width=\"890\" height=\"272\" srcset=\"https:\/\/meriansrl.com\/home\/wp-content\/uploads\/2018\/01\/Inf-Tec-8.png 890w, https:\/\/meriansrl.com\/home\/wp-content\/uploads\/2018\/01\/Inf-Tec-8-600x183.png 600w, https:\/\/meriansrl.com\/home\/wp-content\/uploads\/2018\/01\/Inf-Tec-8-768x235.png 768w\" sizes=\"auto, (max-width: 890px) 100vw, 890px\" \/><\/p>\n","protected":false},"excerpt":{"rendered":"<p>M\u00e1quinas inverters de soldaduras fabricadas con especial atenci\u00f3n en la fiabilidad y el dise\u00f1o.<\/p>\n","protected":false},"featured_media":1505,"comment_status":"open","ping_status":"closed","template":"","meta":[],"class_list":{"0":"post-1504","1":"product","2":"type-product","3":"status-publish","4":"has-post-thumbnail","6":"product_cat-equipos-de-soldadura","7":"product_cat-motosoldadoras","8":"product_cat-rectificadoras-dc-motosoldadoras","9":"product_cat-soldadura-y-corte","10":"product_tag-blueweld","11":"product_tag-equipos-de-soldadura","12":"product_tag-equipos-de-soldadura-y-corte","13":"product_tag-maquinas-inverters-de-soldaduras","14":"product_tag-motosoldadoras","15":"product_tag-rectificadoras-dc","16":"product_tag-soldadoras-rectificadoras-inverter-dc-celulosico","18":"first","19":"instock","20":"taxable","21":"shipping-taxable","22":"product-type-simple"},"_links":{"self":[{"href":"https:\/\/meriansrl.com\/home\/wp-json\/wp\/v2\/product\/1504","targetHints":{"allow":["GET"]}}],"collection":[{"href":"https:\/\/meriansrl.com\/home\/wp-json\/wp\/v2\/product"}],"about":[{"href":"https:\/\/meriansrl.com\/home\/wp-json\/wp\/v2\/types\/product"}],"replies":[{"embeddable":true,"href":"https:\/\/meriansrl.com\/home\/wp-json\/wp\/v2\/comments?post=1504"}],"wp:featuredmedia":[{"embeddable":true,"href":"https:\/\/meriansrl.com\/home\/wp-json\/wp\/v2\/media\/1505"}],"wp:attachment":[{"href":"https:\/\/meriansrl.com\/home\/wp-json\/wp\/v2\/media?parent=1504"}],"curies":[{"name":"wp","href":"https:\/\/api.w.org\/{rel}","templated":true}]}}