{"id":1507,"date":"2018-01-02T12:36:33","date_gmt":"2018-01-02T15:36:33","guid":{"rendered":"http:\/\/meriansrl.com\/home\/?post_type=product&#038;p=1507"},"modified":"2020-06-30T09:29:49","modified_gmt":"2020-06-30T12:29:49","slug":"soldadoras-rectificadoras-inverter-dc","status":"publish","type":"product","link":"https:\/\/meriansrl.com\/home\/producto\/soldadoras-rectificadoras-inverter-dc\/","title":{"rendered":"Soldadoras Rectificadoras Inverter DC"},"content":{"rendered":"<p>F\u00e1ciles de utilizar con cualquier tipo de electrodo (rutilico, b\u00e1sico inox, etc) y equipadas con una especial funci\u00f3n de control de sobretensi\u00f3n, sobretemperatura y antiencolado. Especiales para ser alimentadas por grupos electr\u00f3genos y largas l\u00edneas de conexi\u00f3n (Alimentaciones inestables). Incluye kit cable y pinzas acople dinse 25 en los modelos 1150, 1450 y 1800 y dinse 50 en Bluline SL 2450. Incluyen adem\u00e1s malet\u00edn de transporte.<\/p>\n<p><img loading=\"lazy\" decoding=\"async\" class=\"alignnone size-full wp-image-1516\" src=\"http:\/\/meriansrl.com\/home\/wp-content\/uploads\/2018\/01\/Inf-Tec-11.png\" alt=\"\" width=\"963\" height=\"260\" srcset=\"https:\/\/meriansrl.com\/home\/wp-content\/uploads\/2018\/01\/Inf-Tec-11.png 963w, https:\/\/meriansrl.com\/home\/wp-content\/uploads\/2018\/01\/Inf-Tec-11-600x162.png 600w, https:\/\/meriansrl.com\/home\/wp-content\/uploads\/2018\/01\/Inf-Tec-11-768x207.png 768w\" sizes=\"auto, (max-width: 963px) 100vw, 963px\" \/><\/p>\n","protected":false},"excerpt":{"rendered":"<p>M\u00e1quinas inverters de soldaduras fabricadas con especial atenci\u00f3n en la fiabilidad y el dise\u00f1o.<\/p>\n","protected":false},"featured_media":1512,"comment_status":"open","ping_status":"closed","template":"","meta":[],"class_list":{"0":"post-1507","1":"product","2":"type-product","3":"status-publish","4":"has-post-thumbnail","6":"product_cat-equipos-para-electrodos-revestidosmma","7":"product_tag-blueweld","8":"product_tag-equipos-inverter-multiproceso","9":"product_tag-maquinas-inverters-de-soldaduras","10":"product_tag-soldadoras","11":"product_tag-soldadoras-rectificadoras-inverter-dc","13":"first","14":"instock","15":"taxable","16":"shipping-taxable","17":"product-type-simple"},"_links":{"self":[{"href":"https:\/\/meriansrl.com\/home\/wp-json\/wp\/v2\/product\/1507","targetHints":{"allow":["GET"]}}],"collection":[{"href":"https:\/\/meriansrl.com\/home\/wp-json\/wp\/v2\/product"}],"about":[{"href":"https:\/\/meriansrl.com\/home\/wp-json\/wp\/v2\/types\/product"}],"replies":[{"embeddable":true,"href":"https:\/\/meriansrl.com\/home\/wp-json\/wp\/v2\/comments?post=1507"}],"wp:featuredmedia":[{"embeddable":true,"href":"https:\/\/meriansrl.com\/home\/wp-json\/wp\/v2\/media\/1512"}],"wp:attachment":[{"href":"https:\/\/meriansrl.com\/home\/wp-json\/wp\/v2\/media?parent=1507"}],"curies":[{"name":"wp","href":"https:\/\/api.w.org\/{rel}","templated":true}]}}