{"id":1550,"date":"2018-01-03T10:45:35","date_gmt":"2018-01-03T13:45:35","guid":{"rendered":"http:\/\/meriansrl.com\/home\/?post_type=product&#038;p=1550"},"modified":"2020-08-12T15:28:27","modified_gmt":"2020-08-12T18:28:27","slug":"soldadoras-rectificadoras-dc","status":"publish","type":"product","link":"https:\/\/meriansrl.com\/home\/producto\/soldadoras-rectificadoras-dc\/","title":{"rendered":"Soldadoras Rectificadoras DC"},"content":{"rendered":"<p>&nbsp;<\/p>\n<p><img loading=\"lazy\" decoding=\"async\" class=\"alignnone wp-image-4354 size-full\" src=\"https:\/\/meriansrl.com\/home\/wp-content\/uploads\/2018\/01\/carc-restif.png\" alt=\"\" width=\"1141\" height=\"295\" srcset=\"https:\/\/meriansrl.com\/home\/wp-content\/uploads\/2018\/01\/carc-restif.png 1141w, https:\/\/meriansrl.com\/home\/wp-content\/uploads\/2018\/01\/carc-restif-1024x265.png 1024w, https:\/\/meriansrl.com\/home\/wp-content\/uploads\/2018\/01\/carc-restif-768x199.png 768w, https:\/\/meriansrl.com\/home\/wp-content\/uploads\/2018\/01\/carc-restif-640x165.png 640w, https:\/\/meriansrl.com\/home\/wp-content\/uploads\/2018\/01\/carc-restif-400x103.png 400w, https:\/\/meriansrl.com\/home\/wp-content\/uploads\/2018\/01\/carc-restif-600x155.png 600w\" sizes=\"auto, (max-width: 1141px) 100vw, 1141px\" \/><\/p>\n","protected":false},"excerpt":{"rendered":"<p>Soldadoras Rectificadoras\u00a0Industriales &#8211; Corriente Continua DC.<\/p>\n<p>M\u00e1quinas de soldar con electrodos, industriales monof\u00e1sica (BLU260) y trif\u00e1sicas, con mango y ruedas.<\/p>\n","protected":false},"featured_media":1561,"comment_status":"open","ping_status":"closed","template":"","meta":[],"class_list":{"0":"post-1550","1":"product","2":"type-product","3":"status-publish","4":"has-post-thumbnail","6":"product_cat-equipos-de-soldadura","7":"product_cat-motosoldadoras","8":"product_cat-rectificadoras-dc-motosoldadoras","9":"product_cat-soldadura-y-corte","10":"product_tag-blueweld","11":"product_tag-con-mango-y-ruedas","12":"product_tag-maquinas-de-soldar-con-electrodos","13":"product_tag-monofasica","14":"product_tag-soldadoras-rectificadoras-dc","15":"product_tag-soldadoras-rectificadoras-industriales","16":"product_tag-trifasicas","18":"first","19":"instock","20":"taxable","21":"shipping-taxable","22":"product-type-simple"},"_links":{"self":[{"href":"https:\/\/meriansrl.com\/home\/wp-json\/wp\/v2\/product\/1550","targetHints":{"allow":["GET"]}}],"collection":[{"href":"https:\/\/meriansrl.com\/home\/wp-json\/wp\/v2\/product"}],"about":[{"href":"https:\/\/meriansrl.com\/home\/wp-json\/wp\/v2\/types\/product"}],"replies":[{"embeddable":true,"href":"https:\/\/meriansrl.com\/home\/wp-json\/wp\/v2\/comments?post=1550"}],"wp:featuredmedia":[{"embeddable":true,"href":"https:\/\/meriansrl.com\/home\/wp-json\/wp\/v2\/media\/1561"}],"wp:attachment":[{"href":"https:\/\/meriansrl.com\/home\/wp-json\/wp\/v2\/media?parent=1550"}],"curies":[{"name":"wp","href":"https:\/\/api.w.org\/{rel}","templated":true}]}}