{"id":1564,"date":"2018-01-03T10:59:13","date_gmt":"2018-01-03T13:59:13","guid":{"rendered":"http:\/\/meriansrl.com\/home\/?post_type=product&#038;p=1564"},"modified":"2020-08-12T15:12:28","modified_gmt":"2020-08-12T18:12:28","slug":"soldadoras-transformadoras-ac","status":"publish","type":"product","link":"https:\/\/meriansrl.com\/home\/producto\/soldadoras-transformadoras-ac\/","title":{"rendered":"Soldadoras Transformadoras AC"},"content":{"rendered":"<p>&nbsp;<\/p>\n<p>&nbsp;<\/p>\n","protected":false},"excerpt":{"rendered":"<p>M\u00e1quinas de soldar con electrodos, con ventilador y accesorios para soldar, monof\u00e1sicas y bif\u00e1sicas, de corriente alterna.<\/p>\n","protected":false},"featured_media":1571,"comment_status":"open","ping_status":"closed","template":"","meta":[],"class_list":{"0":"post-1564","1":"product","2":"type-product","3":"status-publish","4":"has-post-thumbnail","6":"product_cat-soldadura-y-corte","7":"product_cat-transformadoras-ac","8":"product_tag-accesorios","9":"product_tag-blueweld","10":"product_tag-maquinas-de-soldar-con-electrodos","11":"product_tag-monofasicas-y-bifasicas","12":"product_tag-soldadoras-transformadoras-ac","13":"product_tag-ventilador-y-accesorios-para-soldar","15":"first","16":"instock","17":"taxable","18":"shipping-taxable","19":"product-type-simple"},"_links":{"self":[{"href":"https:\/\/meriansrl.com\/home\/wp-json\/wp\/v2\/product\/1564","targetHints":{"allow":["GET"]}}],"collection":[{"href":"https:\/\/meriansrl.com\/home\/wp-json\/wp\/v2\/product"}],"about":[{"href":"https:\/\/meriansrl.com\/home\/wp-json\/wp\/v2\/types\/product"}],"replies":[{"embeddable":true,"href":"https:\/\/meriansrl.com\/home\/wp-json\/wp\/v2\/comments?post=1564"}],"wp:featuredmedia":[{"embeddable":true,"href":"https:\/\/meriansrl.com\/home\/wp-json\/wp\/v2\/media\/1571"}],"wp:attachment":[{"href":"https:\/\/meriansrl.com\/home\/wp-json\/wp\/v2\/media?parent=1564"}],"curies":[{"name":"wp","href":"https:\/\/api.w.org\/{rel}","templated":true}]}}