{"id":1765,"date":"2017-08-08T10:57:58","date_gmt":"2017-08-08T13:57:58","guid":{"rendered":"http:\/\/meriansrl.com\/home\/?post_type=product&#038;p=1765"},"modified":"2020-07-02T12:05:44","modified_gmt":"2020-07-02T15:05:44","slug":"antiadherente-pintable","status":"publish","type":"product","link":"https:\/\/meriansrl.com\/home\/producto\/antiadherente-pintable\/","title":{"rendered":"Antiadherente Pintable"},"content":{"rendered":"<p>Ventajas:<br \/>\n\u2022 Protege las piezas al momento de la aplicaci\u00f3n y al secar deja una pel\u00edcula antiadherente para futuras soldaduras, de f\u00e1cil lavado.<br \/>\n\u2022 Previene el spatter en los picos de la torcha y anula el tironeo en la salida del alambre de aporte.<br \/>\n\u2022 No polimeriza con temperatura. No desprende olores desagradables, es no inflamable.<br \/>\n\u2022 Sin siliconas, lavable con agua y pintable.<br \/>\n\u2022 Puede usarse puro o hasta en diluci\u00f3n de 1:2 con agua sin perder<br \/>\neficiencia.<br \/>\nIdeal para uso en: industria automotriz, metal\u00fargica, metalmec\u00e1nica, construcciones, agroindustrias, etc.<br \/>\nBIDON 5 LTS &#8211; CODIGO: TRYAR39005<\/p>\n<p>BIDON 30 LTS &#8211; CODIGO: TRYAR39030<\/p>\n<p>ANT. SIN SILICONA 500 CC &#8211; CODIGO: TRYNS390<\/p>\n<p>SPRAY 400 CC &#8211; CODIGO: TRYNS390A<\/p>\n<p>SPRAY 400 CC PLUS &#8211; CODIGO: TRYNSPLUS<\/p>\n<p><img loading=\"lazy\" decoding=\"async\" class=\"alignnone size-full wp-image-1767\" src=\"http:\/\/meriansrl.com\/home\/wp-content\/uploads\/2018\/01\/Antiadherente-Pintable-Galeria-1.png\" alt=\"\" width=\"563\" height=\"258\" \/><\/p>\n","protected":false},"excerpt":{"rendered":"<p>Fluido antiadherente (anti-spatter) sint\u00e9tico de \u00faltima tecnolog\u00eda aplicable a cualquier pieza a soldar para protegerla y prevenir la adherencia de las proyecciones (spatters) en todos los procesos de soldadura. Lavable, pintable, no t\u00f3xico, biodegradable y anticorrosivo.<\/p>\n","protected":false},"featured_media":1768,"comment_status":"open","ping_status":"closed","template":"","meta":[],"class_list":{"0":"post-1765","1":"product","2":"type-product","3":"status-publish","4":"has-post-thumbnail","6":"product_cat-antiadherentes","7":"product_cat-auxiliares-torchas","9":"first","10":"instock","11":"taxable","12":"shipping-taxable","13":"product-type-simple"},"_links":{"self":[{"href":"https:\/\/meriansrl.com\/home\/wp-json\/wp\/v2\/product\/1765","targetHints":{"allow":["GET"]}}],"collection":[{"href":"https:\/\/meriansrl.com\/home\/wp-json\/wp\/v2\/product"}],"about":[{"href":"https:\/\/meriansrl.com\/home\/wp-json\/wp\/v2\/types\/product"}],"replies":[{"embeddable":true,"href":"https:\/\/meriansrl.com\/home\/wp-json\/wp\/v2\/comments?post=1765"}],"wp:featuredmedia":[{"embeddable":true,"href":"https:\/\/meriansrl.com\/home\/wp-json\/wp\/v2\/media\/1768"}],"wp:attachment":[{"href":"https:\/\/meriansrl.com\/home\/wp-json\/wp\/v2\/media?parent=1765"}],"curies":[{"name":"wp","href":"https:\/\/api.w.org\/{rel}","templated":true}]}}