{"id":1776,"date":"2017-08-08T11:15:44","date_gmt":"2017-08-08T14:15:44","guid":{"rendered":"http:\/\/meriansrl.com\/home\/?post_type=product&#038;p=1776"},"modified":"2020-07-01T16:21:45","modified_gmt":"2020-07-01T19:21:45","slug":"gel-pasivante","status":"publish","type":"product","link":"https:\/\/meriansrl.com\/home\/producto\/gel-pasivante\/","title":{"rendered":"Gel Pasivante"},"content":{"rendered":"<p>Ventajas:<br \/>\n\u2022 Por su consistencia en gel puede ser aplicado en cualquier posici\u00f3n de soldadura de recipientes, ca\u00f1er\u00edas y perfiler\u00eda.<br \/>\n\u2022 Puede ser usado como desoxidante en superficies met\u00e1licas de acero inoxidable con contaminaci\u00f3n de acero al carbono, muy com\u00fan en montajes de plantas industriales.<br \/>\nIdeal para uso en taller, calderer\u00eda y construcci\u00f3n de plantas industriales, petroqu\u00edmica, destiler\u00edas, ingenios de az\u00facar, etc.<br \/>\nBIDON 2 LTS &#8211; CODIGO: TRYGEN383<\/p>\n<p><img loading=\"lazy\" decoding=\"async\" class=\"alignnone size-full wp-image-1778\" src=\"http:\/\/meriansrl.com\/home\/wp-content\/uploads\/2018\/01\/Gel-Pasivante-Inf.png\" alt=\"\" width=\"616\" height=\"193\" srcset=\"https:\/\/meriansrl.com\/home\/wp-content\/uploads\/2018\/01\/Gel-Pasivante-Inf.png 616w, https:\/\/meriansrl.com\/home\/wp-content\/uploads\/2018\/01\/Gel-Pasivante-Inf-600x188.png 600w\" sizes=\"auto, (max-width: 616px) 100vw, 616px\" \/><\/p>\n","protected":false},"excerpt":{"rendered":"<p>Gel pasivante, limpiador y descontaminante, exento de cloruros. La aplicaci\u00f3n de una fina capa har\u00e1 reaccionar al cromo del metal base regenerando la pel\u00edcula de \u00f3xido de cromo original en horas. As\u00ed se incrementar\u00e1 la resistencia del metal a la corrosi\u00f3n.<\/p>\n","protected":false},"featured_media":1779,"comment_status":"open","ping_status":"closed","template":"","meta":[],"class_list":{"0":"post-1776","1":"product","2":"type-product","3":"status-publish","4":"has-post-thumbnail","6":"product_cat-decapantes-y-pasivantes","8":"first","9":"instock","10":"taxable","11":"shipping-taxable","12":"product-type-simple"},"_links":{"self":[{"href":"https:\/\/meriansrl.com\/home\/wp-json\/wp\/v2\/product\/1776","targetHints":{"allow":["GET"]}}],"collection":[{"href":"https:\/\/meriansrl.com\/home\/wp-json\/wp\/v2\/product"}],"about":[{"href":"https:\/\/meriansrl.com\/home\/wp-json\/wp\/v2\/types\/product"}],"replies":[{"embeddable":true,"href":"https:\/\/meriansrl.com\/home\/wp-json\/wp\/v2\/comments?post=1776"}],"wp:featuredmedia":[{"embeddable":true,"href":"https:\/\/meriansrl.com\/home\/wp-json\/wp\/v2\/media\/1779"}],"wp:attachment":[{"href":"https:\/\/meriansrl.com\/home\/wp-json\/wp\/v2\/media?parent=1776"}],"curies":[{"name":"wp","href":"https:\/\/api.w.org\/{rel}","templated":true}]}}