{"id":1781,"date":"2017-08-08T11:25:45","date_gmt":"2017-08-08T14:25:45","guid":{"rendered":"http:\/\/meriansrl.com\/home\/?post_type=product&#038;p=1781"},"modified":"2020-07-01T16:49:35","modified_gmt":"2020-07-01T19:49:35","slug":"limpiador-y-protector-p-inox","status":"publish","type":"product","link":"https:\/\/meriansrl.com\/home\/producto\/limpiador-y-protector-p-inox\/","title":{"rendered":"Limpiador y Protector p\/Inox."},"content":{"rendered":"<p>Ideal para uso en arquitectura met\u00e1lica, laboratorios, industria alimenticia, bebidas, mantenimiento institucional.<\/p>\n<p>SPRAY 500 CC &#8211; CODIGO: TRYENOX<\/p>\n<p><img loading=\"lazy\" decoding=\"async\" class=\"alignnone size-full wp-image-1783\" src=\"http:\/\/meriansrl.com\/home\/wp-content\/uploads\/2018\/01\/Limpiador-y-Protector-plnox-Inf.png\" alt=\"\" width=\"541\" height=\"234\" \/><\/p>\n","protected":false},"excerpt":{"rendered":"<p>Eficaz limpiador desengrasante y protectivo para los aceros inoxidables pulidos en equipos, tanques, estructuras y ca\u00f1er\u00edas de la industria alimenticia, laboratorios y arquitectura met\u00e1lica. Soluciona el Print Finger.<\/p>\n","protected":false},"featured_media":2868,"comment_status":"open","ping_status":"closed","template":"","meta":[],"class_list":{"0":"post-1781","1":"product","2":"type-product","3":"status-publish","4":"has-post-thumbnail","6":"product_cat-auxiliares-torchas","7":"product_cat-varios","9":"first","10":"instock","11":"taxable","12":"shipping-taxable","13":"product-type-simple"},"_links":{"self":[{"href":"https:\/\/meriansrl.com\/home\/wp-json\/wp\/v2\/product\/1781","targetHints":{"allow":["GET"]}}],"collection":[{"href":"https:\/\/meriansrl.com\/home\/wp-json\/wp\/v2\/product"}],"about":[{"href":"https:\/\/meriansrl.com\/home\/wp-json\/wp\/v2\/types\/product"}],"replies":[{"embeddable":true,"href":"https:\/\/meriansrl.com\/home\/wp-json\/wp\/v2\/comments?post=1781"}],"wp:featuredmedia":[{"embeddable":true,"href":"https:\/\/meriansrl.com\/home\/wp-json\/wp\/v2\/media\/2868"}],"wp:attachment":[{"href":"https:\/\/meriansrl.com\/home\/wp-json\/wp\/v2\/media?parent=1781"}],"curies":[{"name":"wp","href":"https:\/\/api.w.org\/{rel}","templated":true}]}}