{"id":1792,"date":"2017-08-08T11:43:30","date_gmt":"2017-08-08T14:43:30","guid":{"rendered":"http:\/\/meriansrl.com\/home\/?post_type=product&#038;p=1792"},"modified":"2020-07-01T16:50:07","modified_gmt":"2020-07-01T19:50:07","slug":"respaldo-gaseoso","status":"publish","type":"product","link":"https:\/\/meriansrl.com\/home\/producto\/respaldo-gaseoso\/","title":{"rendered":"Respaldo Gaseoso"},"content":{"rendered":"<p>Ventajas:<br \/>\n\u2022 Sustituye el respaldo gaseoso: Arg\u00f3n, Nitr\u00f3geno o mezclas disminuyendo costos por gas, alquiler de tubos, flete, etc. Esta econom\u00eda es mas visible en soldaduras industriales, tanques, recipientes de gran tama\u00f1o, buques, etc. donde los vol\u00famenes de purga utilizados son considerables.<br \/>\n\u2022 Baj\u00edsimo costo por unidad soldada. Ayuda en la penetraci\u00f3n del pase de ra\u00edz.<br \/>\n\u2022 Disminuye el porcentaje de poros. Ayuda en la disipaci\u00f3n de la temperatura.<br \/>\n\u2022 Proporciona soldaduras mas limpias. Ideal para uso en construcci\u00f3n y montaje de ca\u00f1er\u00edas, tanques, equipos, etc., en aceros inoxidables, aleaciones Cr, Ni, Mo y acero al carbono.<br \/>\nPASTA 500 CC &#8211; CODIGO: TRYFT100<\/p>\n<p><img loading=\"lazy\" decoding=\"async\" class=\"alignnone size-full wp-image-1794\" src=\"http:\/\/meriansrl.com\/home\/wp-content\/uploads\/2018\/01\/Respaldo-Gaseoso-Inf.png\" alt=\"\" width=\"662\" height=\"251\" srcset=\"https:\/\/meriansrl.com\/home\/wp-content\/uploads\/2018\/01\/Respaldo-Gaseoso-Inf.png 662w, https:\/\/meriansrl.com\/home\/wp-content\/uploads\/2018\/01\/Respaldo-Gaseoso-Inf-600x227.png 600w\" sizes=\"auto, (max-width: 662px) 100vw, 662px\" \/><\/p>\n","protected":false},"excerpt":{"rendered":"<p>Pasta para proteger la ra\u00edz de la soldadura de la oxidaci\u00f3n, reemplazando de este modo al respaldo gaseoso.<\/p>\n","protected":false},"featured_media":1795,"comment_status":"open","ping_status":"closed","template":"","meta":[],"class_list":{"0":"post-1792","1":"product","2":"type-product","3":"status-publish","4":"has-post-thumbnail","6":"product_cat-auxiliares-torchas","7":"product_cat-varios","9":"first","10":"instock","11":"taxable","12":"shipping-taxable","13":"product-type-simple"},"_links":{"self":[{"href":"https:\/\/meriansrl.com\/home\/wp-json\/wp\/v2\/product\/1792","targetHints":{"allow":["GET"]}}],"collection":[{"href":"https:\/\/meriansrl.com\/home\/wp-json\/wp\/v2\/product"}],"about":[{"href":"https:\/\/meriansrl.com\/home\/wp-json\/wp\/v2\/types\/product"}],"replies":[{"embeddable":true,"href":"https:\/\/meriansrl.com\/home\/wp-json\/wp\/v2\/comments?post=1792"}],"wp:featuredmedia":[{"embeddable":true,"href":"https:\/\/meriansrl.com\/home\/wp-json\/wp\/v2\/media\/1795"}],"wp:attachment":[{"href":"https:\/\/meriansrl.com\/home\/wp-json\/wp\/v2\/media?parent=1792"}],"curies":[{"name":"wp","href":"https:\/\/api.w.org\/{rel}","templated":true}]}}