{"id":1797,"date":"2017-08-08T11:54:07","date_gmt":"2017-08-08T14:54:07","guid":{"rendered":"http:\/\/meriansrl.com\/home\/?post_type=product&#038;p=1797"},"modified":"2020-07-01T16:50:44","modified_gmt":"2020-07-01T19:50:44","slug":"tintas-penetrantes","status":"publish","type":"product","link":"https:\/\/meriansrl.com\/home\/producto\/tintas-penetrantes\/","title":{"rendered":"Tintas Penetrantes"},"content":{"rendered":"<p>El ensayo es no destructivo y aporta una important\u00edsima informaci\u00f3n revelando imperfecciones que pueden ser cr\u00edticas en servicio. La aplicaci\u00f3n es recomendada para todo metal ferroso o no ferroso, excepto los porosos.<br \/>\nPENETRANTE &#8211; CODIGO: TRYPEN<br \/>\nREMOVEDOR &#8211; CODIGO: TRYREM<br \/>\nREVELADOR &#8211; CODIGO: TRYREV<\/p>\n<p><img loading=\"lazy\" decoding=\"async\" class=\"alignnone size-full wp-image-1799\" src=\"http:\/\/meriansrl.com\/home\/wp-content\/uploads\/2018\/01\/Tintas-Penetrantes-Inf.png\" alt=\"\" width=\"658\" height=\"206\" srcset=\"https:\/\/meriansrl.com\/home\/wp-content\/uploads\/2018\/01\/Tintas-Penetrantes-Inf.png 658w, https:\/\/meriansrl.com\/home\/wp-content\/uploads\/2018\/01\/Tintas-Penetrantes-Inf-600x188.png 600w\" sizes=\"auto, (max-width: 658px) 100vw, 658px\" \/><\/p>\n","protected":false},"excerpt":{"rendered":"<p>Kit de tres productos: limpiador, penetrante y revelador que acusan eficientemente fisuras, discontinuidades, poros y otras imperfecciones no visibles en las piezas evaluadas.<\/p>\n","protected":false},"featured_media":1798,"comment_status":"open","ping_status":"closed","template":"","meta":[],"class_list":{"0":"post-1797","1":"product","2":"type-product","3":"status-publish","4":"has-post-thumbnail","6":"product_cat-auxiliares-torchas","7":"product_cat-varios","9":"first","10":"instock","11":"taxable","12":"shipping-taxable","13":"product-type-simple"},"_links":{"self":[{"href":"https:\/\/meriansrl.com\/home\/wp-json\/wp\/v2\/product\/1797","targetHints":{"allow":["GET"]}}],"collection":[{"href":"https:\/\/meriansrl.com\/home\/wp-json\/wp\/v2\/product"}],"about":[{"href":"https:\/\/meriansrl.com\/home\/wp-json\/wp\/v2\/types\/product"}],"replies":[{"embeddable":true,"href":"https:\/\/meriansrl.com\/home\/wp-json\/wp\/v2\/comments?post=1797"}],"wp:featuredmedia":[{"embeddable":true,"href":"https:\/\/meriansrl.com\/home\/wp-json\/wp\/v2\/media\/1798"}],"wp:attachment":[{"href":"https:\/\/meriansrl.com\/home\/wp-json\/wp\/v2\/media?parent=1797"}],"curies":[{"name":"wp","href":"https:\/\/api.w.org\/{rel}","templated":true}]}}