{"id":1802,"date":"2018-01-28T22:09:01","date_gmt":"2018-01-29T01:09:01","guid":{"rendered":"http:\/\/meriansrl.com\/home\/?post_type=product&#038;p=1802"},"modified":"2018-02-15T16:14:37","modified_gmt":"2018-02-15T19:14:37","slug":"torchas-tig-sr9e-sr17e-sr26e","status":"publish","type":"product","link":"https:\/\/meriansrl.com\/home\/producto\/torchas-tig-sr9e-sr17e-sr26e\/","title":{"rendered":"Torchas TIG SR9e &#8211; SR17e &#8211; SR26e"},"content":{"rendered":"<table width=\"100%\">\n<tbody>\n<tr>\n<td width=\"28%\">TORCHAS:<\/td>\n<td colspan=\"2\" width=\"23%\"><strong>SR9E<\/strong><\/td>\n<td colspan=\"2\" width=\"25%\"><strong>SR17E <\/strong><\/td>\n<td colspan=\"2\" width=\"22%\"><strong>SR26E \u00a0\u00a0<\/strong><\/td>\n<\/tr>\n<tr>\n<td width=\"28%\">M\u00c9TODO DE GUIADO:<\/td>\n<td colspan=\"2\" width=\"23%\"><strong>MANUAL<\/strong><\/td>\n<td colspan=\"2\" width=\"25%\"><strong>MANUAL<\/strong><\/td>\n<td colspan=\"2\" width=\"22%\"><strong>MANUAL<\/strong><\/td>\n<\/tr>\n<tr>\n<td width=\"28%\">TIPO DE PROCESO:<\/td>\n<td colspan=\"2\" width=\"23%\"><strong>TIG<\/strong><\/td>\n<td colspan=\"2\" width=\"25%\"><strong>TIG<\/strong><\/td>\n<td colspan=\"2\" width=\"22%\"><strong>TIG <\/strong><\/td>\n<\/tr>\n<tr>\n<td width=\"28%\">TIPO DE REFRIGERACI\u00d3N:<\/td>\n<td colspan=\"2\" width=\"23%\"><strong>GAS<\/strong><\/td>\n<td colspan=\"2\" width=\"25%\"><strong>GAS<\/strong><\/td>\n<td colspan=\"2\" width=\"22%\"><strong>GAS<\/strong><\/td>\n<\/tr>\n<tr>\n<td width=\"28%\">DI\u00c1METRO DEL ELECTRODO DEL HILO:<\/td>\n<td colspan=\"2\" width=\"23%\"><strong>\u00a0<\/strong><\/p>\n<p><strong>0,5-1,6 mm<\/strong><\/td>\n<td colspan=\"2\" width=\"25%\"><strong>\u00a0<\/strong><\/p>\n<p><strong>0,5-2,4 mm<\/strong><\/td>\n<td colspan=\"2\" width=\"22%\"><strong>\u00a0<\/strong><\/p>\n<p><strong>0,5-4,0 mm <\/strong><\/td>\n<\/tr>\n<tr>\n<td width=\"28%\">CAUDAL DE GAS:<\/td>\n<td colspan=\"2\" width=\"23%\"><strong>3-7l\/min<\/strong><\/td>\n<td colspan=\"2\" width=\"25%\"><strong>3-7l\/min<\/strong><\/td>\n<td colspan=\"2\" width=\"22%\"><strong>3-9l\/min <\/strong><\/td>\n<\/tr>\n<tr>\n<td width=\"28%\">CLASE DE TENSI\u00d3N ACORDE CON UNE-EN 60974-1:<\/td>\n<td colspan=\"2\" width=\"23%\"><strong>113V DC<\/strong><\/td>\n<td colspan=\"2\" width=\"25%\"><strong>\u00a0<\/strong><\/p>\n<p><strong>113V DC<\/strong><\/td>\n<td colspan=\"2\" width=\"22%\"><strong>\u00a0<\/strong><\/p>\n<p><strong>113V DC <\/strong><\/td>\n<\/tr>\n<tr>\n<td width=\"28%\">LONGITUD DE ANTORCHA:<\/td>\n<td colspan=\"2\" width=\"23%\"><strong>4,8 mm<\/strong><\/td>\n<td colspan=\"2\" width=\"25%\"><strong>4,8 mm<\/strong><\/td>\n<td colspan=\"2\" width=\"22%\"><strong>4,8 mm <\/strong><\/td>\n<\/tr>\n<tr>\n<td width=\"28%\">CONTROLES EL\u00c9CTRICOS ACTIVACI\u00d3N:<\/td>\n<td colspan=\"2\" width=\"23%\">Microinterruptor 50mA &#8211; 24V<\/td>\n<td colspan=\"2\" width=\"25%\">Microinterruptor 50mA &#8211; 24V<\/td>\n<td colspan=\"2\" width=\"22%\">Microinterruptor 50mA &#8211; 24V<\/td>\n<\/tr>\n<tr>\n<td width=\"28%\">ENSAYOS REALIZADOS BAJO NORMATIVA:<\/td>\n<td colspan=\"2\" width=\"23%\"><strong>\u00a0<\/strong><\/p>\n<p><strong>EN 60974-7<\/strong><\/td>\n<td colspan=\"2\" width=\"25%\"><strong>\u00a0<\/strong><\/p>\n<p><strong>EN 60974-7<\/strong><\/td>\n<td colspan=\"2\" width=\"22%\"><strong>\u00a0<\/strong><\/p>\n<p><strong>EN 60974-7 <\/strong><\/td>\n<\/tr>\n<tr>\n<td width=\"28%\">FACTORES DE UTILIZACI\u00d3N:<\/td>\n<td width=\"10%\"><strong>DC <\/strong><\/td>\n<td width=\"12%\"><strong>AC<\/strong><\/td>\n<td width=\"14%\"><strong>DC<\/strong><\/td>\n<td width=\"11%\"><strong>AC<\/strong><\/td>\n<td width=\"10%\"><strong>DC <\/strong><\/td>\n<td width=\"12%\"><strong>AC<\/strong><\/td>\n<\/tr>\n<tr>\n<td width=\"28%\">FACTOR %100:<\/td>\n<td width=\"10%\"><strong>85A<\/strong><\/td>\n<td width=\"12%\"><strong>73A<\/strong><\/td>\n<td width=\"14%\"><strong>109A<\/strong><\/td>\n<td width=\"11%\"><strong>93A<\/strong><\/td>\n<td width=\"10%\"><strong>186A<\/strong><\/td>\n<td width=\"12%\"><strong>160A<\/strong><\/td>\n<\/tr>\n<tr>\n<td width=\"28%\">FACTOR %60:<\/td>\n<td width=\"10%\"><strong>110A<\/strong><\/td>\n<td width=\"12%\"><strong>95A<\/strong><\/td>\n<td width=\"14%\"><strong>140A<\/strong><\/td>\n<td width=\"11%\"><strong>120A<\/strong><\/td>\n<td width=\"10%\"><strong>240A<\/strong><\/td>\n<td width=\"12%\"><strong>206A <\/strong><\/td>\n<\/tr>\n<tr>\n<td width=\"28%\">ACOPLE DINCE MM2:<\/td>\n<td colspan=\"2\" width=\"23%\"><strong>10-25<\/strong><\/td>\n<td width=\"14%\"><strong>10-25<\/strong><\/td>\n<td width=\"11%\"><strong>35-50<\/strong><\/td>\n<td colspan=\"2\" width=\"22%\"><strong>35-50<\/strong><\/td>\n<\/tr>\n<tr>\n<td width=\"28%\">C\u00d3DIGOS 4m:<\/td>\n<td colspan=\"2\" width=\"23%\"><strong>209E104B<\/strong><\/td>\n<td colspan=\"2\" width=\"25%\"><strong>\u00a0\u00a0\u00a0\u00a0\u00a0\u00a0\u00a0\u00a0 217E104B<\/strong><\/td>\n<td colspan=\"2\" width=\"22%\"><strong>\u00a0\u00a0\u00a0\u00a0\u00a0\u00a0\u00a0\u00a0\u00a0\u00a0\u00a0\u00a0 226E104B<\/strong><\/td>\n<\/tr>\n<tr>\n<td width=\"28%\">C\u00d3DIGOS 8m:<\/td>\n<td colspan=\"2\" width=\"23%\"><strong>\u00a0<\/strong><\/td>\n<td colspan=\"2\" width=\"25%\"><strong>\u00a0\u00a0\u00a0\u00a0\u00a0\u00a0\u00a0\u00a0 217E108B<\/strong><\/td>\n<td colspan=\"2\" width=\"22%\"><strong>\u00a0\u00a0\u00a0\u00a0\u00a0\u00a0\u00a0\u00a0\u00a0\u00a0\u00a0\u00a0 226E108B <\/strong><\/td>\n<\/tr>\n<\/tbody>\n<\/table>\n<p>&nbsp;<\/p>\n","protected":false},"excerpt":{"rendered":"<p>TORCHAS: SR9E SR17E SR26E \u00a0\u00a0 M\u00c9TODO DE GUIADO: MANUAL MANUAL MANUAL TIPO DE PROCESO: TIG TIG TIG TIPO DE REFRIGERACI\u00d3N: GAS GAS GAS DI\u00c1METRO DEL ELECTRODO DEL HILO: \u00a0 0,5-1,6 mm \u00a0 0,5-2,4 mm \u00a0 0,5-4,0 mm CAUDAL DE GAS: 3-7l\/min 3-7l\/min 3-9l\/min CLASE DE TENSI\u00d3N ACORDE CON UNE-EN 60974-1: 113V DC \u00a0 113V DC [&hellip;]<\/p>\n","protected":false},"featured_media":2067,"comment_status":"open","ping_status":"closed","template":"","meta":[],"class_list":{"0":"post-1802","1":"product","2":"type-product","3":"status-publish","4":"has-post-thumbnail","6":"product_cat-tig","7":"product_cat-torchas","8":"yith_product_brand-ergodani","10":"first","11":"instock","12":"taxable","13":"shipping-taxable","14":"product-type-simple"},"_links":{"self":[{"href":"https:\/\/meriansrl.com\/home\/wp-json\/wp\/v2\/product\/1802","targetHints":{"allow":["GET"]}}],"collection":[{"href":"https:\/\/meriansrl.com\/home\/wp-json\/wp\/v2\/product"}],"about":[{"href":"https:\/\/meriansrl.com\/home\/wp-json\/wp\/v2\/types\/product"}],"replies":[{"embeddable":true,"href":"https:\/\/meriansrl.com\/home\/wp-json\/wp\/v2\/comments?post=1802"}],"wp:featuredmedia":[{"embeddable":true,"href":"https:\/\/meriansrl.com\/home\/wp-json\/wp\/v2\/media\/2067"}],"wp:attachment":[{"href":"https:\/\/meriansrl.com\/home\/wp-json\/wp\/v2\/media?parent=1802"}],"curies":[{"name":"wp","href":"https:\/\/api.w.org\/{rel}","templated":true}]}}