{"id":1813,"date":"2018-01-28T21:31:07","date_gmt":"2018-01-29T00:31:07","guid":{"rendered":"http:\/\/meriansrl.com\/home\/?post_type=product&#038;p=1813"},"modified":"2020-07-01T16:11:01","modified_gmt":"2020-07-01T19:11:01","slug":"torchas-tig-valvula-sr9v-sr17v-sr26v","status":"publish","type":"product","link":"https:\/\/meriansrl.com\/home\/producto\/torchas-tig-valvula-sr9v-sr17v-sr26v\/","title":{"rendered":"Torchas TIG Valvula SR9v &#8211; SR17v &#8211; SR26v"},"content":{"rendered":"<p>&nbsp;<\/p>\n<ul>\n<li><strong>CARACTER\u00cdSTICAS\u00a0MINOR24 <\/strong><\/li>\n<\/ul>\n<table width=\"100%\">\n<tbody>\n<tr>\n<td width=\"28%\">TORCHAS:<\/td>\n<td colspan=\"2\" width=\"23%\"><strong>SR9V<\/strong><\/td>\n<td colspan=\"2\" width=\"25%\"><strong>SR17V<\/strong><\/td>\n<td colspan=\"2\" width=\"22%\"><strong>SR26V <\/strong><\/td>\n<\/tr>\n<tr>\n<td width=\"28%\">M\u00c9TODO DE GUIADO:<\/td>\n<td colspan=\"2\" width=\"23%\"><strong>MANUAL<\/strong><\/td>\n<td colspan=\"2\" width=\"25%\"><strong>MANUAL<\/strong><\/td>\n<td colspan=\"2\" width=\"22%\"><strong>MANUAL<\/strong><\/td>\n<\/tr>\n<tr>\n<td width=\"28%\">TIPO DE PROCESO:<\/td>\n<td colspan=\"2\" width=\"23%\"><strong>TIG<\/strong><\/td>\n<td colspan=\"2\" width=\"25%\"><strong>TIG<\/strong><\/td>\n<td colspan=\"2\" width=\"22%\"><strong>TIG <\/strong><\/td>\n<\/tr>\n<tr>\n<td width=\"28%\">TIPO DE REFRIGERACI\u00d3N:<\/td>\n<td colspan=\"2\" width=\"23%\"><strong>GAS<\/strong><\/td>\n<td colspan=\"2\" width=\"25%\"><strong>GAS<\/strong><\/td>\n<td colspan=\"2\" width=\"22%\"><strong>GAS<\/strong><\/td>\n<\/tr>\n<tr>\n<td width=\"28%\">DI\u00c1METRO DEL ELECTRODO DEL HILO:<\/td>\n<td colspan=\"2\" width=\"23%\"><strong>\u00a0<\/strong><\/p>\n<p><strong>0,5-1,6 mm<\/strong><\/td>\n<td colspan=\"2\" width=\"25%\"><strong>\u00a0<\/strong><\/p>\n<p><strong>0,5-2,4 mm<\/strong><\/td>\n<td colspan=\"2\" width=\"22%\"><strong>\u00a0<\/strong><\/p>\n<p><strong>0,5-4,0 mm <\/strong><\/td>\n<\/tr>\n<tr>\n<td width=\"28%\">CAUDAL DE GAS:<\/td>\n<td colspan=\"2\" width=\"23%\"><strong>3-7l\/min<\/strong><\/td>\n<td colspan=\"2\" width=\"25%\"><strong>3-7l\/min<\/strong><\/td>\n<td colspan=\"2\" width=\"22%\"><strong>3-9l\/min <\/strong><\/td>\n<\/tr>\n<tr>\n<td width=\"28%\">CLASE DE TENSI\u00d3N ACORDE CON UNE-EN 60974-1:<\/td>\n<td colspan=\"2\" width=\"23%\"><strong>113V DC<\/strong><\/td>\n<td colspan=\"2\" width=\"25%\"><strong>\u00a0<\/strong><\/p>\n<p><strong>113V DC<\/strong><\/td>\n<td colspan=\"2\" width=\"22%\"><strong>\u00a0<\/strong><\/p>\n<p><strong>113V DC <\/strong><\/td>\n<\/tr>\n<tr>\n<td width=\"28%\">LONGITUD DE ANTORCHA:<\/td>\n<td colspan=\"2\" width=\"23%\"><strong>4,8 mm<\/strong><\/td>\n<td colspan=\"2\" width=\"25%\"><strong>4,8 mm<\/strong><\/td>\n<td colspan=\"2\" width=\"22%\"><strong>4,8 mm <\/strong><\/td>\n<\/tr>\n<tr>\n<td width=\"28%\">CONTROLES EL\u00c9CTRICOS ACTIVACI\u00d3N:<\/td>\n<td colspan=\"2\" width=\"23%\">Microinterruptor 50mA &#8211; 24V<\/td>\n<td colspan=\"2\" width=\"25%\">Microinterruptor 50mA &#8211; 24V<\/td>\n<td colspan=\"2\" width=\"22%\">Microinterruptor 50mA &#8211; 24V<\/td>\n<\/tr>\n<tr>\n<td width=\"28%\">ENSAYOS REALIZADOS BAJO NORMATIVA:<\/td>\n<td colspan=\"2\" width=\"23%\"><strong>\u00a0<\/strong><\/p>\n<p><strong>EN 60974-7<\/strong><\/td>\n<td colspan=\"2\" width=\"25%\"><strong>\u00a0<\/strong><\/p>\n<p><strong>EN 60974-7<\/strong><\/td>\n<td colspan=\"2\" width=\"22%\"><strong>\u00a0<\/strong><\/p>\n<p><strong>EN 60974-7 <\/strong><\/td>\n<\/tr>\n<tr>\n<td width=\"28%\">FACTORES DE UTILIZACI\u00d3N:<\/td>\n<td width=\"10%\"><strong>DC <\/strong><\/td>\n<td width=\"12%\"><strong>AC<\/strong><\/td>\n<td width=\"14%\"><strong>DC<\/strong><\/td>\n<td width=\"11%\"><strong>AC<\/strong><\/td>\n<td width=\"10%\"><strong>DC <\/strong><\/td>\n<td width=\"12%\"><strong>AC<\/strong><\/td>\n<\/tr>\n<tr>\n<td width=\"28%\">FACTOR %100:<\/td>\n<td width=\"10%\"><strong>85A<\/strong><\/td>\n<td width=\"12%\"><strong>73A<\/strong><\/td>\n<td width=\"14%\"><strong>109A<\/strong><\/td>\n<td width=\"11%\"><strong>93A<\/strong><\/td>\n<td width=\"10%\"><strong>186A<\/strong><\/td>\n<td width=\"12%\"><strong>160A<\/strong><\/td>\n<\/tr>\n<tr>\n<td width=\"28%\">FACTOR %60:<\/td>\n<td width=\"10%\"><strong>110A<\/strong><\/td>\n<td width=\"12%\"><strong>95A<\/strong><\/td>\n<td width=\"14%\"><strong>140A<\/strong><\/td>\n<td width=\"11%\"><strong>120A<\/strong><\/td>\n<td width=\"10%\"><strong>240A<\/strong><\/td>\n<td width=\"12%\"><strong>206A <\/strong><\/td>\n<\/tr>\n<tr>\n<td width=\"28%\">ACOPLE DINCE MM2:<\/td>\n<td colspan=\"2\" width=\"23%\"><strong>10-25<\/strong><\/td>\n<td width=\"14%\"><strong>10-25<\/strong><\/td>\n<td width=\"11%\"><strong>35-50<\/strong><\/td>\n<td colspan=\"2\" width=\"22%\"><strong>35-50<\/strong><\/td>\n<\/tr>\n<tr>\n<td width=\"28%\">C\u00d3DIGOS 4m:<\/td>\n<td colspan=\"2\" width=\"23%\"><strong>209V104B<\/strong><\/td>\n<td colspan=\"2\" width=\"25%\"><strong>209V104B \u00a0\u00a0217V104G <\/strong><\/td>\n<td colspan=\"2\" width=\"22%\"><strong>\u00a0\u00a0\u00a0\u00a0\u00a0\u00a0\u00a0\u00a0\u00a0\u00a0\u00a0\u00a0 217V104B<\/strong><\/td>\n<\/tr>\n<tr>\n<td width=\"28%\">C\u00d3DIGOS 8m:<\/td>\n<td colspan=\"2\" width=\"23%\"><strong>\u00a0<\/strong><\/td>\n<td colspan=\"2\" width=\"25%\"><strong>217V108B\u00a0\u00a0 217V108G<\/strong><\/td>\n<td colspan=\"2\" width=\"22%\"><strong>\u00a0\u00a0\u00a0\u00a0\u00a0\u00a0\u00a0\u00a0\u00a0\u00a0\u00a0\u00a0\u00a0 226108B <\/strong><\/td>\n<\/tr>\n<\/tbody>\n<\/table>\n<p><img loading=\"lazy\" decoding=\"async\" class=\"alignnone size-full wp-image-1819\" src=\"http:\/\/meriansrl.com\/home\/wp-content\/uploads\/2018\/01\/Caracteristicas-1-4.png\" alt=\"\" width=\"447\" height=\"323\" \/> <img loading=\"lazy\" decoding=\"async\" class=\"alignnone size-full wp-image-1820\" src=\"http:\/\/meriansrl.com\/home\/wp-content\/uploads\/2018\/01\/Caracteristicas-2-4.png\" alt=\"\" width=\"447\" height=\"323\" \/> <img loading=\"lazy\" decoding=\"async\" class=\"alignnone size-full wp-image-1821\" src=\"http:\/\/meriansrl.com\/home\/wp-content\/uploads\/2018\/01\/Caracteristicas-3-4.png\" alt=\"\" width=\"447\" height=\"323\" \/><\/p>\n","protected":false},"excerpt":{"rendered":"<p>&nbsp; CARACTER\u00cdSTICAS\u00a0MINOR24 TORCHAS: SR9V SR17V SR26V M\u00c9TODO DE GUIADO: MANUAL MANUAL MANUAL TIPO DE PROCESO: TIG TIG TIG TIPO DE REFRIGERACI\u00d3N: GAS GAS GAS DI\u00c1METRO DEL ELECTRODO DEL HILO: \u00a0 0,5-1,6 mm \u00a0 0,5-2,4 mm \u00a0 0,5-4,0 mm CAUDAL DE GAS: 3-7l\/min 3-7l\/min 3-9l\/min CLASE DE TENSI\u00d3N ACORDE CON UNE-EN 60974-1: 113V DC \u00a0 113V [&hellip;]<\/p>\n","protected":false},"featured_media":2068,"comment_status":"open","ping_status":"closed","template":"","meta":[],"class_list":{"0":"post-1813","1":"product","2":"type-product","3":"status-publish","4":"has-post-thumbnail","6":"product_cat-tig","7":"product_cat-torchas","8":"yith_product_brand-ergodani","10":"first","11":"instock","12":"taxable","13":"shipping-taxable","14":"product-type-simple"},"_links":{"self":[{"href":"https:\/\/meriansrl.com\/home\/wp-json\/wp\/v2\/product\/1813","targetHints":{"allow":["GET"]}}],"collection":[{"href":"https:\/\/meriansrl.com\/home\/wp-json\/wp\/v2\/product"}],"about":[{"href":"https:\/\/meriansrl.com\/home\/wp-json\/wp\/v2\/types\/product"}],"replies":[{"embeddable":true,"href":"https:\/\/meriansrl.com\/home\/wp-json\/wp\/v2\/comments?post=1813"}],"wp:featuredmedia":[{"embeddable":true,"href":"https:\/\/meriansrl.com\/home\/wp-json\/wp\/v2\/media\/2068"}],"wp:attachment":[{"href":"https:\/\/meriansrl.com\/home\/wp-json\/wp\/v2\/media?parent=1813"}],"curies":[{"name":"wp","href":"https:\/\/api.w.org\/{rel}","templated":true}]}}