{"id":1965,"date":"2018-02-05T15:07:39","date_gmt":"2018-02-05T18:07:39","guid":{"rendered":"http:\/\/meriansrl.com\/home\/?post_type=product&#038;p=1965"},"modified":"2019-01-17T16:36:13","modified_gmt":"2019-01-17T19:36:13","slug":"soplon-industrial-para-propano","status":"publish","type":"product","link":"https:\/\/meriansrl.com\/home\/producto\/soplon-industrial-para-propano\/","title":{"rendered":"Sopl\u00f3n Industrial para Propano"},"content":{"rendered":"<h4 class=\"title-caracteristicas\">Caracter\u00edsticas principales<\/h4>\n<ul class=\"caracteristicas-producto clearfix\">\n<li>Poder de calentamiento 42000 kcal\/h.<\/li>\n<li>Volantes con llama firme.<\/li>\n<li>Lat\u00f3n (bronce) de barra forjado.<\/li>\n<li>Volantes con cierre seguro.<\/li>\n<\/ul>\n<div class=\"entry list-products-bullet clearfix\">\n<div class=\"page\" title=\"Page 1\">\n<div class=\"section\">\n<div class=\"layoutArea\">\n<div class=\"column\">\n<p>&nbsp;<\/p>\n<ul>\n<li>Heavy duty, para uso industrial o profesional.<\/li>\n<li>Apto para zurdos y diestros.<\/li>\n<li>Cachas de aluminio.<\/li>\n<li>V\u00e1lvula de calentamiento con cierre de acero inoxidable.<\/li>\n<li>Conexi\u00f3n de entrada para combustible con rosca izq. Como indican las normas internacionales (DIN).<\/li>\n<li>Tobera de tubo sin costura con estabilizador de llama para trabajar en zonas ventosas.<\/li>\n<li>Tubo de acero inoxidable soldado con plata.<\/li>\n<li>Largo total 600 mm.\u00a0ALR8217<\/li>\n<\/ul>\n<\/div>\n<\/div>\n<\/div>\n<\/div>\n<\/div>\n<div class=\"important-text-product\">\n<div class=\"footer-producto\">\n<p><strong>Importante:<\/strong><\/p>\n<p>No utilizar v\u00e1lvula Arrestallama con los soplones. Solo usar v\u00e1lvula de corte por exceso de caudal o antiexplosiva Stop-Flow (ALR8303). Para uso petrolero consultar por el Sopl\u00f3n Petrolero (ALR8218).<\/p>\n<\/div>\n<\/div>\n","protected":false},"excerpt":{"rendered":"<h3 class=\"title-description\">Para tareas de calentamiento como por ejemplo: colocaci\u00f3n de membranas (ALR8217)<\/h3>\n","protected":false},"featured_media":2741,"comment_status":"open","ping_status":"closed","template":"","meta":[],"class_list":{"0":"post-1965","1":"product","2":"type-product","3":"status-publish","4":"has-post-thumbnail","6":"product_cat-equipos-para-soldar-corte-con-gas","7":"product_cat-sopletes","9":"first","10":"instock","11":"taxable","12":"shipping-taxable","13":"product-type-simple"},"_links":{"self":[{"href":"https:\/\/meriansrl.com\/home\/wp-json\/wp\/v2\/product\/1965","targetHints":{"allow":["GET"]}}],"collection":[{"href":"https:\/\/meriansrl.com\/home\/wp-json\/wp\/v2\/product"}],"about":[{"href":"https:\/\/meriansrl.com\/home\/wp-json\/wp\/v2\/types\/product"}],"replies":[{"embeddable":true,"href":"https:\/\/meriansrl.com\/home\/wp-json\/wp\/v2\/comments?post=1965"}],"wp:featuredmedia":[{"embeddable":true,"href":"https:\/\/meriansrl.com\/home\/wp-json\/wp\/v2\/media\/2741"}],"wp:attachment":[{"href":"https:\/\/meriansrl.com\/home\/wp-json\/wp\/v2\/media?parent=1965"}],"curies":[{"name":"wp","href":"https:\/\/api.w.org\/{rel}","templated":true}]}}