{"id":2006,"date":"2018-02-05T16:48:11","date_gmt":"2018-02-05T19:48:11","guid":{"rendered":"http:\/\/meriansrl.com\/home\/?post_type=product&#038;p=2006"},"modified":"2020-08-14T17:37:05","modified_gmt":"2020-08-14T20:37:05","slug":"regulador-ind-de-presion-r18-a-piston","status":"publish","type":"product","link":"https:\/\/meriansrl.com\/home\/producto\/regulador-ind-de-presion-r18-a-piston\/","title":{"rendered":"Regulador Ind. de Presi\u00f3n R18 a Pist\u00f3n"},"content":{"rendered":"<h4 class=\"title-caracteristicas\">Caracter\u00edsticas principales<\/h4>\n<ul class=\"caracteristicas-producto clearfix\">\n<li>Regulaci\u00f3n de presi\u00f3n a pist\u00f3n.<\/li>\n<li>Caudal m\u00e1ximo a 8 bar 30 m3\/h.<\/li>\n<li>Presi\u00f3n m\u00e1xima de trabajo 14 bar de ox\u00edgeno<\/li>\n<li>Hecho a partir de barras de lat\u00f3n.<\/li>\n<\/ul>\n<div class=\"entry list-products-bullet clearfix\">\n<div class=\"page\" title=\"Page 1\">\n<div class=\"section\">\n<div class=\"layoutArea\">\n<div class=\"column\">\n<ul>\n<li>Regulaci\u00f3n de presi\u00f3n a pist\u00f3n.<\/li>\n<li>Cuerpo-tapa y conexiones de lat\u00f3n SAE88.<\/li>\n<li>Volante de ABS con tornillo met\u00e1lico.<\/li>\n<li>Juntas interiores 100% compatibles con el gas regulado.<\/li>\n<li>De gran robustez y bajo mantenimiento.<\/li>\n<li>Apto para soldadura-corte y calentamiento.<\/li>\n<li>Se elimina la falla m\u00e1s t\u00edpica de los reguladores convencionales: \u201cla rotura del diafragma\u201d, (ya sea por stress o por envejecimiento de la goma).<\/li>\n<li>Aumenta la vida \u00fatil del reductor.<\/li>\n<li>Baja el costo de mantenimiento.<\/li>\n<li>Baja la posibilidad de accidentes por fugas de gas. ALR1640-ALR1680<\/li>\n<\/ul>\n<\/div>\n<\/div>\n<\/div>\n<\/div>\n<\/div>\n<div class=\"important-text-product\">\n<div class=\"footer-producto\">\n<p><strong>Importante:<\/strong><\/p>\n<p>Existe la versi\u00f3n tambi\u00e9n para otros gases: Nitr\u00f3geno, Aire, Di\u00f3xido de carbon \/ CO2 o, Arg\u00f3n, etc.<\/p>\n<\/div>\n<\/div>\n","protected":false},"excerpt":{"rendered":"<h3 class=\"title-description\">Para instalar en puestos de ca\u00f1er\u00eda.<\/h3>\n","protected":false},"featured_media":2727,"comment_status":"open","ping_status":"closed","template":"","meta":[],"class_list":{"0":"post-2006","1":"product","2":"type-product","3":"status-publish","4":"has-post-thumbnail","6":"product_cat-reguladores","8":"first","9":"instock","10":"taxable","11":"shipping-taxable","12":"product-type-simple"},"_links":{"self":[{"href":"https:\/\/meriansrl.com\/home\/wp-json\/wp\/v2\/product\/2006","targetHints":{"allow":["GET"]}}],"collection":[{"href":"https:\/\/meriansrl.com\/home\/wp-json\/wp\/v2\/product"}],"about":[{"href":"https:\/\/meriansrl.com\/home\/wp-json\/wp\/v2\/types\/product"}],"replies":[{"embeddable":true,"href":"https:\/\/meriansrl.com\/home\/wp-json\/wp\/v2\/comments?post=2006"}],"wp:featuredmedia":[{"embeddable":true,"href":"https:\/\/meriansrl.com\/home\/wp-json\/wp\/v2\/media\/2727"}],"wp:attachment":[{"href":"https:\/\/meriansrl.com\/home\/wp-json\/wp\/v2\/media?parent=2006"}],"curies":[{"name":"wp","href":"https:\/\/api.w.org\/{rel}","templated":true}]}}