{"id":2009,"date":"2018-02-05T16:51:49","date_gmt":"2018-02-05T19:51:49","guid":{"rendered":"http:\/\/meriansrl.com\/home\/?post_type=product&#038;p=2009"},"modified":"2020-08-14T17:34:07","modified_gmt":"2020-08-14T20:34:07","slug":"regulador-ind-de-presion-a-eolo","status":"publish","type":"product","link":"https:\/\/meriansrl.com\/home\/producto\/regulador-ind-de-presion-a-eolo\/","title":{"rendered":"Regulador Ind. de Presi\u00f3n a Eolo"},"content":{"rendered":"<h4 class=\"title-caracteristicas\">Caracter\u00edsticas principales<\/h4>\n<ul class=\"caracteristicas-producto clearfix\">\n<li>Regulaci\u00f3n de presi\u00f3n diafragma<\/li>\n<li>Caudal m\u00e1ximo a 8 bar 40 m3\/h de ox\u00edgeno<\/li>\n<li>Presi\u00f3n m\u00e1xima de trabajo 14 bar de ox\u00edgeno<\/li>\n<li>Presi\u00f3n m\u00e1xima de trabajo 01 bar de acetileno<\/li>\n<li>Lat\u00f3n (bronce) de barra forjado<\/li>\n<\/ul>\n<div class=\"entry list-products-bullet clearfix\">\n<div class=\"page\" title=\"Page 1\">\n<div class=\"section\">\n<div class=\"layoutArea\">\n<div class=\"column\">\n<ul>\n<li>Cuerpo y tapa forjados (sin pre-fundir).<\/li>\n<li>Caudal a 8 bar 40 m3\/h (en ox\u00edgeno) permite cortar hasta 400 mm.<\/li>\n<li>Mecanismo robusto y confiable.<\/li>\n<li>Diafragma de goma-tela.<\/li>\n<li>Ideal para alimentar ca\u00f1er\u00edas.<\/li>\n<li>Mantenimiento muy sencillo (se pueden encontrar Eolos de m\u00e1s de 30 a\u00f1os en talleres).ALR1340-ALR1380 &#8211;<\/li>\n<\/ul>\n<\/div>\n<\/div>\n<\/div>\n<\/div>\n<\/div>\n<div class=\"important-text-product\">\n<div class=\"footer-producto\">\n<p><strong>Importante:<\/strong><\/p>\n<p>Existen las versiones de Eolo para ca\u00f1er\u00edas, grandes caudales y la opci\u00f3n de configurar el Eolo a pist\u00f3n.<\/p>\n<\/div>\n<\/div>\n","protected":false},"excerpt":{"rendered":"<h3 class=\"title-description\">Para uso con gases industriales.<\/h3>\n","protected":false},"featured_media":2725,"comment_status":"open","ping_status":"closed","template":"","meta":[],"class_list":{"0":"post-2009","1":"product","2":"type-product","3":"status-publish","4":"has-post-thumbnail","6":"product_cat-reguladores","8":"first","9":"instock","10":"taxable","11":"shipping-taxable","12":"product-type-simple"},"_links":{"self":[{"href":"https:\/\/meriansrl.com\/home\/wp-json\/wp\/v2\/product\/2009","targetHints":{"allow":["GET"]}}],"collection":[{"href":"https:\/\/meriansrl.com\/home\/wp-json\/wp\/v2\/product"}],"about":[{"href":"https:\/\/meriansrl.com\/home\/wp-json\/wp\/v2\/types\/product"}],"replies":[{"embeddable":true,"href":"https:\/\/meriansrl.com\/home\/wp-json\/wp\/v2\/comments?post=2009"}],"wp:featuredmedia":[{"embeddable":true,"href":"https:\/\/meriansrl.com\/home\/wp-json\/wp\/v2\/media\/2725"}],"wp:attachment":[{"href":"https:\/\/meriansrl.com\/home\/wp-json\/wp\/v2\/media?parent=2009"}],"curies":[{"name":"wp","href":"https:\/\/api.w.org\/{rel}","templated":true}]}}