{"id":2012,"date":"2018-02-05T16:57:15","date_gmt":"2018-02-05T19:57:15","guid":{"rendered":"http:\/\/meriansrl.com\/home\/?post_type=product&#038;p=2012"},"modified":"2020-08-14T17:35:19","modified_gmt":"2020-08-14T20:35:19","slug":"regulador-ind-de-presion-a-eolo-2","status":"publish","type":"product","link":"https:\/\/meriansrl.com\/home\/producto\/regulador-ind-de-presion-a-eolo-2\/","title":{"rendered":"Regulador Ind. de Presi\u00f3n a Eolo"},"content":{"rendered":"<h4 class=\"title-caracteristicas\">Caracter\u00edsticas principales<\/h4>\n<ul class=\"caracteristicas-producto clearfix\">\n<li>Regulaci\u00f3n de presi\u00f3n diafragma.<\/li>\n<li>Caudal m\u00e1ximo a 8 bar 40 m3\/h de ox\u00edgeno.<\/li>\n<li>Presi\u00f3n m\u00e1xima de trabajo 14 bar de ox\u00edgeno.<\/li>\n<li>Lat\u00f3n (bronce) de barra forjado.<\/li>\n<\/ul>\n<div class=\"entry list-products-bullet clearfix\">\n<div class=\"page\" title=\"Page 1\">\n<div class=\"section\">\n<div class=\"layoutArea\">\n<div class=\"column\">\n<ul>\n<li>Cuerpo y tapa forjados (sin pre-fundir).<\/li>\n<li>Caudal a 8 bar 40m3\/h (en ox\u00edgeno).<\/li>\n<li>Mecanismo robusto y confiable.<\/li>\n<li>Diafragma de goma-tela.<\/li>\n<li>Ideal para pant\u00f3grafos (ox\u00edgeno de corte).<\/li>\n<li>Mantenimiento muy sencillo (se pueden encontrar Eolos de m\u00e1s de 30 a\u00f1os en talleres).<\/li>\n<li>Ideal para puestos fijos con grandes consumos.<\/li>\n<\/ul>\n<\/div>\n<\/div>\n<\/div>\n<\/div>\n<\/div>\n<div class=\"important-text-product\">\n<div class=\"footer-producto\">\n<p><strong>Importante:<\/strong><\/p>\n<p>Existen las versiones de Eolo para ca\u00f1er\u00edas, grandes caudales y la opci\u00f3n de configurar el Eolo a pist\u00f3n. Tambi\u00e9n para gases de soldadura y corte: Ox\u00edgeno, Acetileno, Propano \/ GLP, etc. Para Hidr\u00f3geno pedir solo la versi\u00f3n a pist\u00f3n.<\/p>\n<\/div>\n<\/div>\n","protected":false},"excerpt":{"rendered":"<h3 class=\"title-description\">Para instalar en puestos de ca\u00f1erias.<\/h3>\n","protected":false},"featured_media":2724,"comment_status":"open","ping_status":"closed","template":"","meta":[],"class_list":{"0":"post-2012","1":"product","2":"type-product","3":"status-publish","4":"has-post-thumbnail","6":"product_cat-reguladores","8":"first","9":"instock","10":"taxable","11":"shipping-taxable","12":"product-type-simple"},"_links":{"self":[{"href":"https:\/\/meriansrl.com\/home\/wp-json\/wp\/v2\/product\/2012","targetHints":{"allow":["GET"]}}],"collection":[{"href":"https:\/\/meriansrl.com\/home\/wp-json\/wp\/v2\/product"}],"about":[{"href":"https:\/\/meriansrl.com\/home\/wp-json\/wp\/v2\/types\/product"}],"replies":[{"embeddable":true,"href":"https:\/\/meriansrl.com\/home\/wp-json\/wp\/v2\/comments?post=2012"}],"wp:featuredmedia":[{"embeddable":true,"href":"https:\/\/meriansrl.com\/home\/wp-json\/wp\/v2\/media\/2724"}],"wp:attachment":[{"href":"https:\/\/meriansrl.com\/home\/wp-json\/wp\/v2\/media?parent=2012"}],"curies":[{"name":"wp","href":"https:\/\/api.w.org\/{rel}","templated":true}]}}