{"id":2036,"date":"2018-02-07T15:43:42","date_gmt":"2018-02-07T18:43:42","guid":{"rendered":"http:\/\/meriansrl.com\/home\/?post_type=product&#038;p=2036"},"modified":"2019-11-11T16:23:14","modified_gmt":"2019-11-11T19:23:14","slug":"valvula-de-corte-stop-flow","status":"publish","type":"product","link":"https:\/\/meriansrl.com\/home\/producto\/valvula-de-corte-stop-flow\/","title":{"rendered":"V\u00e1lvula de Corte Stop-Flow"},"content":{"rendered":"<h4 class=\"title-caracteristicas\">Caracter\u00edsticas principales<\/h4>\n<ul class=\"caracteristicas-producto clearfix\">\n<li>M\u00e1xima capacidad de corte 150 mm<\/li>\n<li>Espesor de soldadura 30 mm<\/li>\n<li>Poder de calentamiento 59.000 kcal\/h<\/li>\n<li>Caudal m\u00e1ximo a 8 bar 15 m3\/h de ox\u00edgeno<\/li>\n<li>Presi\u00f3n m\u00e1xima de trabajo 10 bar de ox\u00edgeno<\/li>\n<li>Presi\u00f3n m\u00e1xima de trabajo 01 bar de acetileno<\/li>\n<\/ul>\n<div class=\"entry list-products-bullet clearfix\">\n<div class=\"page\" title=\"Page 1\">\n<div class=\"section\">\n<div class=\"layoutArea\">\n<div class=\"column\">\n<p>&nbsp;<\/p>\n<ul>\n<li>Evita accidentes por roturas o desconexiones de mangueras, cortando inmediatamente el paso del gas.<\/li>\n<li>Se conectan directamente a la salida del regulador de presi\u00f3n.<\/li>\n<li>Dise\u00f1adas bajo norma DIN EN 730-2, patente registrada.<\/li>\n<li>Mejora la productividad y la seguridad.<\/li>\n<li>No se pueden conectar en el gas equivocado.<\/li>\n<li>Con v\u00e1lvula de retenci\u00f3n incorporada.<\/li>\n<\/ul>\n<\/div>\n<\/div>\n<\/div>\n<\/div>\n<\/div>\n<div class=\"important-text-product\">\n<div class=\"footer-producto\">\n<p><strong>Importante:<\/strong><\/p>\n<p>Esta v\u00e1lvula no reemplaza la v\u00e1lvula arrestallama. Tenemos todas las variantes de conexi\u00f3n acoples r\u00e1pidos:<\/p>\n<p>&nbsp;<\/p>\n<\/div>\n<p><img loading=\"lazy\" decoding=\"async\" class=\"alignnone wp-image-3004 size-full\" src=\"https:\/\/meriansrl.com\/home\/wp-content\/uploads\/2018\/02\/TABLA-ALR8301.png\" alt=\"\" width=\"1416\" height=\"722\" srcset=\"https:\/\/meriansrl.com\/home\/wp-content\/uploads\/2018\/02\/TABLA-ALR8301.png 1416w, https:\/\/meriansrl.com\/home\/wp-content\/uploads\/2018\/02\/TABLA-ALR8301-600x306.png 600w, https:\/\/meriansrl.com\/home\/wp-content\/uploads\/2018\/02\/TABLA-ALR8301-768x392.png 768w, https:\/\/meriansrl.com\/home\/wp-content\/uploads\/2018\/02\/TABLA-ALR8301-1024x522.png 1024w, https:\/\/meriansrl.com\/home\/wp-content\/uploads\/2018\/02\/TABLA-ALR8301-1320x673.png 1320w\" sizes=\"auto, (max-width: 1416px) 100vw, 1416px\" \/><\/p>\n<p>&nbsp;<\/p>\n<p><img loading=\"lazy\" decoding=\"async\" class=\"alignnone wp-image-2976 size-full\" src=\"https:\/\/meriansrl.com\/home\/wp-content\/uploads\/2018\/02\/TABLA8335.png\" alt=\"\" width=\"1417\" height=\"725\" srcset=\"https:\/\/meriansrl.com\/home\/wp-content\/uploads\/2018\/02\/TABLA8335.png 1417w, https:\/\/meriansrl.com\/home\/wp-content\/uploads\/2018\/02\/TABLA8335-600x307.png 600w, https:\/\/meriansrl.com\/home\/wp-content\/uploads\/2018\/02\/TABLA8335-768x393.png 768w, https:\/\/meriansrl.com\/home\/wp-content\/uploads\/2018\/02\/TABLA8335-1024x524.png 1024w, https:\/\/meriansrl.com\/home\/wp-content\/uploads\/2018\/02\/TABLA8335-450x231.png 450w, https:\/\/meriansrl.com\/home\/wp-content\/uploads\/2018\/02\/TABLA8335-1320x675.png 1320w\" sizes=\"auto, (max-width: 1417px) 100vw, 1417px\" \/><\/p>\n<p><img loading=\"lazy\" decoding=\"async\" class=\"alignnone wp-image-3006 size-full\" src=\"https:\/\/meriansrl.com\/home\/wp-content\/uploads\/2018\/02\/tabla-8351.png\" alt=\"\" width=\"1410\" height=\"721\" srcset=\"https:\/\/meriansrl.com\/home\/wp-content\/uploads\/2018\/02\/tabla-8351.png 1410w, https:\/\/meriansrl.com\/home\/wp-content\/uploads\/2018\/02\/tabla-8351-600x307.png 600w, https:\/\/meriansrl.com\/home\/wp-content\/uploads\/2018\/02\/tabla-8351-768x393.png 768w, https:\/\/meriansrl.com\/home\/wp-content\/uploads\/2018\/02\/tabla-8351-1024x524.png 1024w, https:\/\/meriansrl.com\/home\/wp-content\/uploads\/2018\/02\/tabla-8351-450x231.png 450w, https:\/\/meriansrl.com\/home\/wp-content\/uploads\/2018\/02\/tabla-8351-1320x675.png 1320w\" sizes=\"auto, (max-width: 1410px) 100vw, 1410px\" \/><\/p>\n<\/div>\n","protected":false},"excerpt":{"rendered":"<h3 class=\"title-description\">Por exceso de caudal con acople r\u00e1pido incorporado<\/h3>\n<p><img loading=\"lazy\" decoding=\"async\" class=\"alignnone size-medium wp-image-2974\" src=\"https:\/\/meriansrl.com\/home\/wp-content\/uploads\/2018\/02\/INDICES-ALR8335-158x300.png\" alt=\"\" width=\"158\" height=\"300\" \/><\/p>\n","protected":false},"featured_media":3003,"comment_status":"open","ping_status":"closed","template":"","meta":[],"class_list":{"0":"post-2036","1":"product","2":"type-product","3":"status-publish","4":"has-post-thumbnail","6":"product_cat-equipos-para-soldar-corte-con-gas","7":"product_cat-valvulas","9":"first","10":"instock","11":"taxable","12":"shipping-taxable","13":"product-type-simple"},"_links":{"self":[{"href":"https:\/\/meriansrl.com\/home\/wp-json\/wp\/v2\/product\/2036","targetHints":{"allow":["GET"]}}],"collection":[{"href":"https:\/\/meriansrl.com\/home\/wp-json\/wp\/v2\/product"}],"about":[{"href":"https:\/\/meriansrl.com\/home\/wp-json\/wp\/v2\/types\/product"}],"replies":[{"embeddable":true,"href":"https:\/\/meriansrl.com\/home\/wp-json\/wp\/v2\/comments?post=2036"}],"wp:featuredmedia":[{"embeddable":true,"href":"https:\/\/meriansrl.com\/home\/wp-json\/wp\/v2\/media\/3003"}],"wp:attachment":[{"href":"https:\/\/meriansrl.com\/home\/wp-json\/wp\/v2\/media?parent=2036"}],"curies":[{"name":"wp","href":"https:\/\/api.w.org\/{rel}","templated":true}]}}