{"id":2042,"date":"2018-02-07T15:53:20","date_gmt":"2018-02-07T18:53:20","guid":{"rendered":"http:\/\/meriansrl.com\/home\/?post_type=product&#038;p=2042"},"modified":"2020-08-24T16:24:17","modified_gmt":"2020-08-24T19:24:17","slug":"valvula-arrestaflow","status":"publish","type":"product","link":"https:\/\/meriansrl.com\/home\/producto\/valvula-arrestaflow\/","title":{"rendered":"V\u00e1lvula ArrestaFlow"},"content":{"rendered":"<h4 class=\"title-caracteristicas\">Caracter\u00edsticas principales<\/h4>\n<ul class=\"caracteristicas-producto clearfix\">\n<li>M\u00e1xima capacidad de corte 300 mm<\/li>\n<li>Espesor de soldadura 30 mm<\/li>\n<li>Hecho a partir de barras de lat\u00f3n 88<\/li>\n<\/ul>\n<div class=\"entry list-products-bullet clearfix\">\n<div class=\"page\" title=\"Page 1\">\n<div class=\"section\">\n<div class=\"layoutArea\">\n<div class=\"column\">\n<p>&nbsp;<\/p>\n<ul>\n<li>Para montar en las mangueras de ox\u00edgeno y combustible.<\/li>\n<li>Funci\u00f3n para de llama (FA): Compuesta por un elemento sintetizado que es el encargado de apagar el retroceso de llama. Este elemento es un filtro sintetizado de acero inoxidable.<\/li>\n<li>Funci\u00f3n anti-retorno (NV): El anti-retorno o v\u00e1lvula unidireccional, evita que se mezclen los gases en las mangueras.<\/li>\n<\/ul>\n<div class=\"page\" title=\"Page 1\">\n<div class=\"section\">\n<div class=\"layoutArea\">\n<div class=\"column\">\n<p>&nbsp;<\/p>\n<p><strong>Importante:<\/strong><\/p>\n<p>1. Reemplazar la v\u00e1lvula luego de un retroceso de la llama.<\/p>\n<p>2. Utilizar solo v\u00e1lvulas bajo norma.<\/p>\n<p>3. El ente franc\u00e9s SYMOP (*) recomienda reemplazar las v\u00e1lvulas arrestallamas cada 3 a\u00f1os.<\/p>\n<\/div>\n<\/div>\n<div class=\"layoutArea\">\n<div class=\"column\">\n<p>(*) SYMOP: Syndicat de la machine-outil, du soudage, de l\u2019assemblage de la productique associ\u00e9e.ALR8325A-ALR8327A<\/p>\n<\/div>\n<\/div>\n<\/div>\n<\/div>\n<\/div>\n<\/div>\n<\/div>\n<\/div>\n<\/div>\n<div class=\"important-text-product\">\n<div class=\"footer-producto\">\n<p><strong>Importante:<\/strong><\/p>\n<p>No olvide conectar v\u00e1lvulas de corte por exceso de caudal (anti-explosivas) Stop-Flow en las salidas de los reguladores de presi\u00f3n.<\/p>\n<\/div>\n<\/div>\n","protected":false},"excerpt":{"rendered":"<h3 class=\"title-description\">Bajo norma EN 730-1: ALR8325A-ALR8327A<\/h3>\n","protected":false},"featured_media":2043,"comment_status":"open","ping_status":"closed","template":"","meta":[],"class_list":{"0":"post-2042","1":"product","2":"type-product","3":"status-publish","4":"has-post-thumbnail","6":"product_cat-equipos-para-soldar-corte-con-gas","7":"product_cat-valvulas","9":"first","10":"instock","11":"taxable","12":"shipping-taxable","13":"product-type-simple"},"_links":{"self":[{"href":"https:\/\/meriansrl.com\/home\/wp-json\/wp\/v2\/product\/2042","targetHints":{"allow":["GET"]}}],"collection":[{"href":"https:\/\/meriansrl.com\/home\/wp-json\/wp\/v2\/product"}],"about":[{"href":"https:\/\/meriansrl.com\/home\/wp-json\/wp\/v2\/types\/product"}],"replies":[{"embeddable":true,"href":"https:\/\/meriansrl.com\/home\/wp-json\/wp\/v2\/comments?post=2042"}],"wp:featuredmedia":[{"embeddable":true,"href":"https:\/\/meriansrl.com\/home\/wp-json\/wp\/v2\/media\/2043"}],"wp:attachment":[{"href":"https:\/\/meriansrl.com\/home\/wp-json\/wp\/v2\/media?parent=2042"}],"curies":[{"name":"wp","href":"https:\/\/api.w.org\/{rel}","templated":true}]}}