{"id":2052,"date":"2018-02-15T14:45:27","date_gmt":"2018-02-15T17:45:27","guid":{"rendered":"http:\/\/meriansrl.com\/home\/?post_type=product&#038;p=2052"},"modified":"2021-04-19T08:46:21","modified_gmt":"2021-04-19T11:46:21","slug":"equipo-de-corte-plasma-inverter-blucut-40","status":"publish","type":"product","link":"https:\/\/meriansrl.com\/home\/producto\/equipo-de-corte-plasma-inverter-blucut-40\/","title":{"rendered":"Plasma Inverter BLUCUT 40"},"content":{"rendered":"<p><img loading=\"lazy\" decoding=\"async\" class=\"alignnone wp-image-4357 size-full\" src=\"https:\/\/meriansrl.com\/home\/wp-content\/uploads\/2018\/02\/carac-blu40.png\" alt=\"\" width=\"677\" height=\"431\" srcset=\"https:\/\/meriansrl.com\/home\/wp-content\/uploads\/2018\/02\/carac-blu40.png 677w, https:\/\/meriansrl.com\/home\/wp-content\/uploads\/2018\/02\/carac-blu40-640x407.png 640w, https:\/\/meriansrl.com\/home\/wp-content\/uploads\/2018\/02\/carac-blu40-400x255.png 400w, https:\/\/meriansrl.com\/home\/wp-content\/uploads\/2018\/02\/carac-blu40-600x382.png 600w\" sizes=\"auto, (max-width: 677px) 100vw, 677px\" \/><\/p>\n","protected":false},"excerpt":{"rendered":"<p>Equipos de Corte Plasma Inverter:<\/p>\n<p>Equipos de corte Plasma con tecnolog\u00eda inverter controlados por microprocesador que garantizan corte preciso y limpio hasta 8 \/ 16 mm de espesor. Equipados con torchas neum\u00e1ticas sin HF.<br \/>\nPort\u00e1tiles y f\u00e1ciles de usar, aptos para todos los trabajos de corte a alta velocidad sobre materiales finos.<br \/>\nEl panel frontal presenta una gr\u00e1fica simple e inmediata para la regulaci\u00f3n de la corriente de corte y para la se\u00f1alizaci\u00f3n de la intervenci\u00f3n de los elementos de seguridad internos. Un particular sistema de arranque garantiza al operador intervenciones sin riesgos. Ideales para trabajos de carrocer\u00edas liviana y pesada, astilleros, calderas, ductos de ventilaci\u00f3n y acondicionamiento, trabajos generales y de mantenimiento en chapas.<\/p>\n","protected":false},"featured_media":2053,"comment_status":"open","ping_status":"closed","template":"","meta":[],"class_list":{"0":"post-2052","1":"product","2":"type-product","3":"status-publish","4":"has-post-thumbnail","6":"product_cat-equipos-de-corte-plasma","7":"product_cat-inverter","8":"product_cat-soldadura-y-corte","9":"product_tag-equipo-corte-plasma","10":"product_tag-inverter","11":"yith_product_brand-bluweld","13":"first","14":"instock","15":"taxable","16":"shipping-taxable","17":"product-type-simple"},"_links":{"self":[{"href":"https:\/\/meriansrl.com\/home\/wp-json\/wp\/v2\/product\/2052","targetHints":{"allow":["GET"]}}],"collection":[{"href":"https:\/\/meriansrl.com\/home\/wp-json\/wp\/v2\/product"}],"about":[{"href":"https:\/\/meriansrl.com\/home\/wp-json\/wp\/v2\/types\/product"}],"replies":[{"embeddable":true,"href":"https:\/\/meriansrl.com\/home\/wp-json\/wp\/v2\/comments?post=2052"}],"wp:featuredmedia":[{"embeddable":true,"href":"https:\/\/meriansrl.com\/home\/wp-json\/wp\/v2\/media\/2053"}],"wp:attachment":[{"href":"https:\/\/meriansrl.com\/home\/wp-json\/wp\/v2\/media?parent=2052"}],"curies":[{"name":"wp","href":"https:\/\/api.w.org\/{rel}","templated":true}]}}