{"id":2995,"date":"2019-11-11T08:49:26","date_gmt":"2019-11-11T11:49:26","guid":{"rendered":"https:\/\/meriansrl.com\/home\/?post_type=product&#038;p=2995"},"modified":"2020-08-14T17:30:46","modified_gmt":"2020-08-14T20:30:46","slug":"regulador-ind-de-presion-a-piston-r18","status":"publish","type":"product","link":"https:\/\/meriansrl.com\/home\/producto\/regulador-ind-de-presion-a-piston-r18\/","title":{"rendered":"REGULADOR IND. DE PRESI\u00d3N A PIST\u00d3N R18"},"content":{"rendered":"<p>\u00bb Regulaci\u00f3n de presi\u00f3n a pist\u00f3n.<br \/>\n\u00bb Cuerpo, tapa y conexiones de Lat\u00f3n SAE88.<br \/>\n\u00bb Volante de ABS con tornillo met\u00e1lico.<br \/>\n\u00bb Juntas interiores 100% compatibles con el gas regulador.<br \/>\n\u00bb De gran robustez y bajo mantenimiento.<br \/>\n\u00bb Ideal para el mercado petrolero.<br \/>\n\u00bb Se elimina la falla m\u00e1s t\u00edpica de los reguladores convencionales: &#8220;la rotura<br \/>\nde diafragma&#8221;, (ya sea por stress o por envejecimiento de la goma).<br \/>\n\u00bb Se elimina la posibilidad de perdidas de gas a trav\u00e9s del diafragma roto.<br \/>\n\u00bb Aumenta la vida \u00fatil del reductor.<br \/>\n\u00bb Baja el costo de mantenimiento.<br \/>\n\u00bb Baja la posibilidad de accidentes por fuga de gas.<\/p>\n<p><img loading=\"lazy\" decoding=\"async\" class=\"alignnone wp-image-2996 size-full\" src=\"https:\/\/meriansrl.com\/home\/wp-content\/uploads\/2019\/11\/TABLA-ALR1121.png\" alt=\"\" width=\"1416\" height=\"1025\" srcset=\"https:\/\/meriansrl.com\/home\/wp-content\/uploads\/2019\/11\/TABLA-ALR1121.png 1416w, https:\/\/meriansrl.com\/home\/wp-content\/uploads\/2019\/11\/TABLA-ALR1121-600x434.png 600w, https:\/\/meriansrl.com\/home\/wp-content\/uploads\/2019\/11\/TABLA-ALR1121-768x556.png 768w, https:\/\/meriansrl.com\/home\/wp-content\/uploads\/2019\/11\/TABLA-ALR1121-1024x741.png 1024w, https:\/\/meriansrl.com\/home\/wp-content\/uploads\/2019\/11\/TABLA-ALR1121-1320x956.png 1320w\" sizes=\"auto, (max-width: 1416px) 100vw, 1416px\" \/><\/p>\n","protected":false},"excerpt":{"rendered":"<p>Para soldar-cortar y calentar: ALR1110-ALR1133<\/p>\n<p><img loading=\"lazy\" decoding=\"async\" class=\"alignnone size-medium wp-image-2997\" src=\"https:\/\/meriansrl.com\/home\/wp-content\/uploads\/2019\/11\/INDICE-ALR1121-194x300.png\" alt=\"\" width=\"194\" height=\"300\" \/><\/p>\n","protected":false},"featured_media":2998,"comment_status":"open","ping_status":"closed","template":"","meta":[],"class_list":{"0":"post-2995","1":"product","2":"type-product","3":"status-publish","4":"has-post-thumbnail","6":"product_cat-reguladores","8":"first","9":"instock","10":"taxable","11":"shipping-taxable","12":"product-type-simple"},"_links":{"self":[{"href":"https:\/\/meriansrl.com\/home\/wp-json\/wp\/v2\/product\/2995","targetHints":{"allow":["GET"]}}],"collection":[{"href":"https:\/\/meriansrl.com\/home\/wp-json\/wp\/v2\/product"}],"about":[{"href":"https:\/\/meriansrl.com\/home\/wp-json\/wp\/v2\/types\/product"}],"replies":[{"embeddable":true,"href":"https:\/\/meriansrl.com\/home\/wp-json\/wp\/v2\/comments?post=2995"}],"wp:featuredmedia":[{"embeddable":true,"href":"https:\/\/meriansrl.com\/home\/wp-json\/wp\/v2\/media\/2998"}],"wp:attachment":[{"href":"https:\/\/meriansrl.com\/home\/wp-json\/wp\/v2\/media?parent=2995"}],"curies":[{"name":"wp","href":"https:\/\/api.w.org\/{rel}","templated":true}]}}