{"id":3488,"date":"2020-04-02T10:59:39","date_gmt":"2020-04-02T13:59:39","guid":{"rendered":"https:\/\/meriansrl.com\/home\/?post_type=product&#038;p=3488"},"modified":"2020-05-18T15:15:10","modified_gmt":"2020-05-18T18:15:10","slug":"electrodo-6010","status":"publish","type":"product","link":"https:\/\/meriansrl.com\/home\/producto\/electrodo-6010\/","title":{"rendered":"Electrodo 6010"},"content":{"rendered":"<p><img loading=\"lazy\" decoding=\"async\" class=\"alignnone wp-image-3822 size-full\" src=\"https:\/\/meriansrl.com\/home\/wp-content\/uploads\/2020\/04\/6010.png\" alt=\"\" width=\"788\" height=\"337\" srcset=\"https:\/\/meriansrl.com\/home\/wp-content\/uploads\/2020\/04\/6010.png 788w, https:\/\/meriansrl.com\/home\/wp-content\/uploads\/2020\/04\/6010-768x328.png 768w, https:\/\/meriansrl.com\/home\/wp-content\/uploads\/2020\/04\/6010-640x274.png 640w, https:\/\/meriansrl.com\/home\/wp-content\/uploads\/2020\/04\/6010-400x171.png 400w, https:\/\/meriansrl.com\/home\/wp-content\/uploads\/2020\/04\/6010-600x257.png 600w\" sizes=\"auto, (max-width: 788px) 100vw, 788px\" \/><\/p>\n<p>Hoja T\u00e9cnica:<\/p>\n<p><a href=\"https:\/\/meriansrl.com\/home\/wp-content\/uploads\/2020\/04\/6010.pdf\" target=\"_blank\" rel=\"noopener noreferrer\">6010<\/a><\/p>\n","protected":false},"excerpt":{"rendered":"<p>Electrodo de revestimiento celul\u00f3sico para pasadas de ra\u00edz. Soldaduras vertical descendente en tubos de grandes di\u00e1metros.<\/p>\n","protected":false},"featured_media":3531,"comment_status":"open","ping_status":"closed","template":"","meta":[],"class_list":{"0":"post-3488","1":"product","2":"type-product","3":"status-publish","4":"has-post-thumbnail","6":"product_cat-consumibles-y-aportes","7":"product_cat-electrodos-aceros-no-aleados-corte-y-repelado","8":"product_cat-electrodos","9":"yith_product_brand-bluweld","10":"yith_product_brand-bohler","12":"first","13":"instock","14":"taxable","15":"shipping-taxable","16":"product-type-simple"},"_links":{"self":[{"href":"https:\/\/meriansrl.com\/home\/wp-json\/wp\/v2\/product\/3488","targetHints":{"allow":["GET"]}}],"collection":[{"href":"https:\/\/meriansrl.com\/home\/wp-json\/wp\/v2\/product"}],"about":[{"href":"https:\/\/meriansrl.com\/home\/wp-json\/wp\/v2\/types\/product"}],"replies":[{"embeddable":true,"href":"https:\/\/meriansrl.com\/home\/wp-json\/wp\/v2\/comments?post=3488"}],"wp:featuredmedia":[{"embeddable":true,"href":"https:\/\/meriansrl.com\/home\/wp-json\/wp\/v2\/media\/3531"}],"wp:attachment":[{"href":"https:\/\/meriansrl.com\/home\/wp-json\/wp\/v2\/media?parent=3488"}],"curies":[{"name":"wp","href":"https:\/\/api.w.org\/{rel}","templated":true}]}}