{"id":3489,"date":"2020-04-02T11:06:15","date_gmt":"2020-04-02T14:06:15","guid":{"rendered":"https:\/\/meriansrl.com\/home\/?post_type=product&#038;p=3489"},"modified":"2020-04-08T12:07:51","modified_gmt":"2020-04-08T15:07:51","slug":"electrodo-6011","status":"publish","type":"product","link":"https:\/\/meriansrl.com\/home\/producto\/electrodo-6011\/","title":{"rendered":"Electrodo 6011"},"content":{"rendered":"<p><img loading=\"lazy\" decoding=\"async\" class=\"alignnone wp-image-3526 size-full\" src=\"https:\/\/meriansrl.com\/home\/wp-content\/uploads\/2020\/04\/6011-2.png\" alt=\"\" width=\"685\" height=\"322\" srcset=\"https:\/\/meriansrl.com\/home\/wp-content\/uploads\/2020\/04\/6011-2.png 685w, https:\/\/meriansrl.com\/home\/wp-content\/uploads\/2020\/04\/6011-2-640x301.png 640w, https:\/\/meriansrl.com\/home\/wp-content\/uploads\/2020\/04\/6011-2-400x188.png 400w, https:\/\/meriansrl.com\/home\/wp-content\/uploads\/2020\/04\/6011-2-600x282.png 600w\" sizes=\"auto, (max-width: 685px) 100vw, 685px\" \/><\/p>\n<p>Hoja T\u00e9cnica:<\/p>\n<p><a href=\"https:\/\/meriansrl.com\/home\/wp-content\/uploads\/2020\/04\/6011.pdf\" target=\"_blank\" rel=\"noopener noreferrer\">6011<\/a><\/p>\n","protected":false},"excerpt":{"rendered":"<p>Electrodo de revestimiento celul\u00f3sico para aplicaciones de soldadura en acero, especialmente en trabajos donde se requiera alta penetraci\u00f3n. De solidificaci\u00f3n r\u00e1pida.<\/p>\n","protected":false},"featured_media":3524,"comment_status":"open","ping_status":"closed","template":"","meta":[],"class_list":{"0":"post-3489","1":"product","2":"type-product","3":"status-publish","4":"has-post-thumbnail","6":"product_cat-consumibles-y-aportes","7":"product_cat-electrodos-aceros-no-aleados-corte-y-repelado","8":"product_cat-electrodos","9":"yith_product_brand-bluweld","10":"yith_product_brand-bohler","12":"first","13":"instock","14":"taxable","15":"shipping-taxable","16":"product-type-simple"},"_links":{"self":[{"href":"https:\/\/meriansrl.com\/home\/wp-json\/wp\/v2\/product\/3489","targetHints":{"allow":["GET"]}}],"collection":[{"href":"https:\/\/meriansrl.com\/home\/wp-json\/wp\/v2\/product"}],"about":[{"href":"https:\/\/meriansrl.com\/home\/wp-json\/wp\/v2\/types\/product"}],"replies":[{"embeddable":true,"href":"https:\/\/meriansrl.com\/home\/wp-json\/wp\/v2\/comments?post=3489"}],"wp:featuredmedia":[{"embeddable":true,"href":"https:\/\/meriansrl.com\/home\/wp-json\/wp\/v2\/media\/3524"}],"wp:attachment":[{"href":"https:\/\/meriansrl.com\/home\/wp-json\/wp\/v2\/media?parent=3489"}],"curies":[{"name":"wp","href":"https:\/\/api.w.org\/{rel}","templated":true}]}}