{"id":3490,"date":"2020-04-02T11:07:31","date_gmt":"2020-04-02T14:07:31","guid":{"rendered":"https:\/\/meriansrl.com\/home\/?post_type=product&#038;p=3490"},"modified":"2020-04-08T12:08:29","modified_gmt":"2020-04-08T15:08:29","slug":"electrodo-6012","status":"publish","type":"product","link":"https:\/\/meriansrl.com\/home\/producto\/electrodo-6012\/","title":{"rendered":"Electrodo 6012"},"content":{"rendered":"<p><img loading=\"lazy\" decoding=\"async\" class=\"alignnone wp-image-3522 size-full\" src=\"https:\/\/meriansrl.com\/home\/wp-content\/uploads\/2020\/04\/MOD-2-1.png\" alt=\"\" width=\"687\" height=\"290\" srcset=\"https:\/\/meriansrl.com\/home\/wp-content\/uploads\/2020\/04\/MOD-2-1.png 687w, https:\/\/meriansrl.com\/home\/wp-content\/uploads\/2020\/04\/MOD-2-1-640x270.png 640w, https:\/\/meriansrl.com\/home\/wp-content\/uploads\/2020\/04\/MOD-2-1-400x169.png 400w, https:\/\/meriansrl.com\/home\/wp-content\/uploads\/2020\/04\/MOD-2-1-600x253.png 600w\" sizes=\"auto, (max-width: 687px) 100vw, 687px\" \/><\/p>\n<p>Hoja T\u00e9cnica:<\/p>\n<p><a href=\"https:\/\/meriansrl.com\/home\/wp-content\/uploads\/2020\/04\/6012.pdf\" target=\"_blank\" rel=\"noopener noreferrer\">6012<\/a><\/p>\n","protected":false},"excerpt":{"rendered":"<p>Electrodo de revestimiento rut\u00edlico para construcci\u00f3n de carrocer\u00edas de veh\u00edculos en general, vagones, carpinter\u00eda met\u00e1lica. De excelente terminaci\u00f3n.<\/p>\n","protected":false},"featured_media":3510,"comment_status":"open","ping_status":"closed","template":"","meta":[],"class_list":{"0":"post-3490","1":"product","2":"type-product","3":"status-publish","4":"has-post-thumbnail","6":"product_cat-consumibles-y-aportes","7":"product_cat-electrodos-aceros-no-aleados-corte-y-repelado","8":"product_cat-electrodos","9":"yith_product_brand-bluweld","10":"yith_product_brand-bohler","12":"first","13":"instock","14":"taxable","15":"shipping-taxable","16":"product-type-simple"},"_links":{"self":[{"href":"https:\/\/meriansrl.com\/home\/wp-json\/wp\/v2\/product\/3490","targetHints":{"allow":["GET"]}}],"collection":[{"href":"https:\/\/meriansrl.com\/home\/wp-json\/wp\/v2\/product"}],"about":[{"href":"https:\/\/meriansrl.com\/home\/wp-json\/wp\/v2\/types\/product"}],"replies":[{"embeddable":true,"href":"https:\/\/meriansrl.com\/home\/wp-json\/wp\/v2\/comments?post=3490"}],"wp:featuredmedia":[{"embeddable":true,"href":"https:\/\/meriansrl.com\/home\/wp-json\/wp\/v2\/media\/3510"}],"wp:attachment":[{"href":"https:\/\/meriansrl.com\/home\/wp-json\/wp\/v2\/media?parent=3490"}],"curies":[{"name":"wp","href":"https:\/\/api.w.org\/{rel}","templated":true}]}}