{"id":3492,"date":"2020-04-02T11:08:32","date_gmt":"2020-04-02T14:08:32","guid":{"rendered":"https:\/\/meriansrl.com\/home\/?post_type=product&#038;p=3492"},"modified":"2021-04-19T08:48:30","modified_gmt":"2021-04-19T11:48:30","slug":"electrodo-6013","status":"publish","type":"product","link":"https:\/\/meriansrl.com\/home\/producto\/electrodo-6013\/","title":{"rendered":"Electrodo 6013"},"content":{"rendered":"<p><img loading=\"lazy\" decoding=\"async\" class=\"alignnone wp-image-3821 size-full\" src=\"https:\/\/meriansrl.com\/home\/wp-content\/uploads\/2020\/04\/6013-1.png\" alt=\"\" width=\"788\" height=\"326\" srcset=\"https:\/\/meriansrl.com\/home\/wp-content\/uploads\/2020\/04\/6013-1.png 788w, https:\/\/meriansrl.com\/home\/wp-content\/uploads\/2020\/04\/6013-1-768x318.png 768w, https:\/\/meriansrl.com\/home\/wp-content\/uploads\/2020\/04\/6013-1-640x265.png 640w, https:\/\/meriansrl.com\/home\/wp-content\/uploads\/2020\/04\/6013-1-400x165.png 400w, https:\/\/meriansrl.com\/home\/wp-content\/uploads\/2020\/04\/6013-1-600x248.png 600w\" sizes=\"auto, (max-width: 788px) 100vw, 788px\" \/><\/p>\n<p>Hoja t\u00e9cnica:<\/p>\n<p><a href=\"https:\/\/meriansrl.com\/home\/wp-content\/uploads\/2020\/04\/6013.pdf\" target=\"_blank\" rel=\"noopener noreferrer\">6013<\/a><\/p>\n","protected":false},"excerpt":{"rendered":"<p>Electrodo de revestimiento rut\u00edlico para aceros en construcci\u00f3n en general. \u00d3ptima terminaci\u00f3n. Uso general.<\/p>\n","protected":false},"featured_media":3529,"comment_status":"open","ping_status":"closed","template":"","meta":[],"class_list":{"0":"post-3492","1":"product","2":"type-product","3":"status-publish","4":"has-post-thumbnail","6":"product_cat-consumibles-y-aportes","7":"product_cat-electrodos-aceros-no-aleados-corte-y-repelado","8":"product_cat-electrodos","9":"yith_product_brand-bluweld","10":"yith_product_brand-bohler","12":"first","13":"instock","14":"taxable","15":"shipping-taxable","16":"product-type-simple"},"_links":{"self":[{"href":"https:\/\/meriansrl.com\/home\/wp-json\/wp\/v2\/product\/3492","targetHints":{"allow":["GET"]}}],"collection":[{"href":"https:\/\/meriansrl.com\/home\/wp-json\/wp\/v2\/product"}],"about":[{"href":"https:\/\/meriansrl.com\/home\/wp-json\/wp\/v2\/types\/product"}],"replies":[{"embeddable":true,"href":"https:\/\/meriansrl.com\/home\/wp-json\/wp\/v2\/comments?post=3492"}],"wp:featuredmedia":[{"embeddable":true,"href":"https:\/\/meriansrl.com\/home\/wp-json\/wp\/v2\/media\/3529"}],"wp:attachment":[{"href":"https:\/\/meriansrl.com\/home\/wp-json\/wp\/v2\/media?parent=3492"}],"curies":[{"name":"wp","href":"https:\/\/api.w.org\/{rel}","templated":true}]}}