{"id":3497,"date":"2020-04-02T11:15:48","date_gmt":"2020-04-02T14:15:48","guid":{"rendered":"https:\/\/meriansrl.com\/home\/?post_type=product&#038;p=3497"},"modified":"2020-04-09T11:34:26","modified_gmt":"2020-04-09T14:34:26","slug":"electrodo-7018-11-6","status":"publish","type":"product","link":"https:\/\/meriansrl.com\/home\/producto\/electrodo-7018-11-6\/","title":{"rendered":"Electrodo 7018 A1"},"content":{"rendered":"<p><img loading=\"lazy\" decoding=\"async\" class=\"alignnone wp-image-3505 size-full\" src=\"https:\/\/meriansrl.com\/home\/wp-content\/uploads\/2020\/04\/7018-A1-2.png\" alt=\"\" width=\"687\" height=\"249\" srcset=\"https:\/\/meriansrl.com\/home\/wp-content\/uploads\/2020\/04\/7018-A1-2.png 687w, https:\/\/meriansrl.com\/home\/wp-content\/uploads\/2020\/04\/7018-A1-2-640x232.png 640w, https:\/\/meriansrl.com\/home\/wp-content\/uploads\/2020\/04\/7018-A1-2-400x145.png 400w, https:\/\/meriansrl.com\/home\/wp-content\/uploads\/2020\/04\/7018-A1-2-600x217.png 600w\" sizes=\"auto, (max-width: 687px) 100vw, 687px\" \/><\/p>\n<p>Hoja T\u00e9cnica:<\/p>\n<p><a href=\"https:\/\/meriansrl.com\/home\/wp-content\/uploads\/2020\/04\/7018-1.pdf\" target=\"_blank\" rel=\"noopener noreferrer\">7018 1<\/a><\/p>\n<p>&nbsp;<\/p>\n","protected":false},"excerpt":{"rendered":"<p>Electrodo b\u00e1sico de baja aleaci\u00f3n, para soldar aceros tipo 0,5 Mo. Tratable t\u00e9rmicamente. F\u00e1cil remoci\u00f3n de escoria. Alto rendimiento.<\/p>\n<p>&nbsp;<\/p>\n<p>&nbsp;<\/p>\n<p>&nbsp;<\/p>\n<p>&nbsp;<\/p>\n","protected":false},"featured_media":3506,"comment_status":"open","ping_status":"closed","template":"","meta":[],"class_list":{"0":"post-3497","1":"product","2":"type-product","3":"status-publish","4":"has-post-thumbnail","6":"product_cat-consumibles-y-aportes","7":"product_cat-electrodos-aceros-baja-y-media-aleacion","8":"product_cat-electrodos","9":"yith_product_brand-bohler","11":"first","12":"instock","13":"taxable","14":"shipping-taxable","15":"product-type-simple"},"_links":{"self":[{"href":"https:\/\/meriansrl.com\/home\/wp-json\/wp\/v2\/product\/3497","targetHints":{"allow":["GET"]}}],"collection":[{"href":"https:\/\/meriansrl.com\/home\/wp-json\/wp\/v2\/product"}],"about":[{"href":"https:\/\/meriansrl.com\/home\/wp-json\/wp\/v2\/types\/product"}],"replies":[{"embeddable":true,"href":"https:\/\/meriansrl.com\/home\/wp-json\/wp\/v2\/comments?post=3497"}],"wp:featuredmedia":[{"embeddable":true,"href":"https:\/\/meriansrl.com\/home\/wp-json\/wp\/v2\/media\/3506"}],"wp:attachment":[{"href":"https:\/\/meriansrl.com\/home\/wp-json\/wp\/v2\/media?parent=3497"}],"curies":[{"name":"wp","href":"https:\/\/api.w.org\/{rel}","templated":true}]}}