{"id":3554,"date":"2020-04-08T11:27:59","date_gmt":"2020-04-08T14:27:59","guid":{"rendered":"https:\/\/meriansrl.com\/home\/?post_type=product&#038;p=3554"},"modified":"2020-04-08T12:10:55","modified_gmt":"2020-04-08T15:10:55","slug":"electrodo-7010","status":"publish","type":"product","link":"https:\/\/meriansrl.com\/home\/producto\/electrodo-7010\/","title":{"rendered":"Electrodo 7010"},"content":{"rendered":"<p><img loading=\"lazy\" decoding=\"async\" class=\"alignnone wp-image-3555 size-full\" src=\"https:\/\/meriansrl.com\/home\/wp-content\/uploads\/2020\/04\/E7010.png\" alt=\"\" width=\"691\" height=\"220\" srcset=\"https:\/\/meriansrl.com\/home\/wp-content\/uploads\/2020\/04\/E7010.png 691w, https:\/\/meriansrl.com\/home\/wp-content\/uploads\/2020\/04\/E7010-640x204.png 640w, https:\/\/meriansrl.com\/home\/wp-content\/uploads\/2020\/04\/E7010-400x127.png 400w, https:\/\/meriansrl.com\/home\/wp-content\/uploads\/2020\/04\/E7010-600x191.png 600w\" sizes=\"auto, (max-width: 691px) 100vw, 691px\" \/><\/p>\n<p>Hoja T\u00e9cnica:<\/p>\n<p><a href=\"https:\/\/meriansrl.com\/home\/wp-content\/uploads\/2020\/04\/7010.pdf\" target=\"_blank\" rel=\"noopener noreferrer\">7010<\/a><\/p>\n","protected":false},"excerpt":{"rendered":"<p>Electrodo de revestimiento celul\u00f3sico para pasadas de relleno y cubierta. Soldadura vertical descendente en tubos de grandes di\u00e1metros. Soldadura f\u00e1cil tambi\u00e9n en condiciones clim\u00e1ticas dif\u00edciles.<\/p>\n","protected":false},"featured_media":3531,"comment_status":"open","ping_status":"closed","template":"","meta":[],"class_list":{"0":"post-3554","1":"product","2":"type-product","3":"status-publish","4":"has-post-thumbnail","6":"product_cat-electrodos-aceros-no-aleados-corte-y-repelado","7":"product_cat-electrodos","8":"yith_product_brand-bohler","10":"first","11":"instock","12":"taxable","13":"shipping-taxable","14":"product-type-simple"},"_links":{"self":[{"href":"https:\/\/meriansrl.com\/home\/wp-json\/wp\/v2\/product\/3554","targetHints":{"allow":["GET"]}}],"collection":[{"href":"https:\/\/meriansrl.com\/home\/wp-json\/wp\/v2\/product"}],"about":[{"href":"https:\/\/meriansrl.com\/home\/wp-json\/wp\/v2\/types\/product"}],"replies":[{"embeddable":true,"href":"https:\/\/meriansrl.com\/home\/wp-json\/wp\/v2\/comments?post=3554"}],"wp:featuredmedia":[{"embeddable":true,"href":"https:\/\/meriansrl.com\/home\/wp-json\/wp\/v2\/media\/3531"}],"wp:attachment":[{"href":"https:\/\/meriansrl.com\/home\/wp-json\/wp\/v2\/media?parent=3554"}],"curies":[{"name":"wp","href":"https:\/\/api.w.org\/{rel}","templated":true}]}}