{"id":3558,"date":"2020-04-08T11:40:06","date_gmt":"2020-04-08T14:40:06","guid":{"rendered":"https:\/\/meriansrl.com\/home\/?post_type=product&#038;p=3558"},"modified":"2021-04-19T08:45:32","modified_gmt":"2021-04-19T11:45:32","slug":"electrodo-8010","status":"publish","type":"product","link":"https:\/\/meriansrl.com\/home\/producto\/electrodo-8010\/","title":{"rendered":"Electrodo 8010"},"content":{"rendered":"<p><img loading=\"lazy\" decoding=\"async\" class=\"alignnone wp-image-3826 size-full\" src=\"https:\/\/meriansrl.com\/home\/wp-content\/uploads\/2020\/04\/8010.png\" alt=\"\" width=\"788\" height=\"326\" srcset=\"https:\/\/meriansrl.com\/home\/wp-content\/uploads\/2020\/04\/8010.png 788w, https:\/\/meriansrl.com\/home\/wp-content\/uploads\/2020\/04\/8010-768x318.png 768w, https:\/\/meriansrl.com\/home\/wp-content\/uploads\/2020\/04\/8010-640x265.png 640w, https:\/\/meriansrl.com\/home\/wp-content\/uploads\/2020\/04\/8010-400x165.png 400w, https:\/\/meriansrl.com\/home\/wp-content\/uploads\/2020\/04\/8010-600x248.png 600w\" sizes=\"auto, (max-width: 788px) 100vw, 788px\" \/><\/p>\n<p>Hoja T\u00e9cnica:<\/p>\n<p><a href=\"https:\/\/meriansrl.com\/home\/wp-content\/uploads\/2020\/04\/8010.pdf\" target=\"_blank\" rel=\"noopener noreferrer\">8010<\/a><\/p>\n","protected":false},"excerpt":{"rendered":"<p>Electrodo de revestimiento celul\u00f3sico para pasadas de relleno y cubierta. Soldadura vertical descendente en tubos de grandes di\u00e1metros. Soldadura f\u00e1cil tambi\u00e9n en condiciones clim\u00e1ticas dif\u00edciles.<\/p>\n","protected":false},"featured_media":3531,"comment_status":"open","ping_status":"closed","template":"","meta":[],"class_list":{"0":"post-3558","1":"product","2":"type-product","3":"status-publish","4":"has-post-thumbnail","6":"product_cat-consumibles-y-aportes","7":"product_cat-electrodos-aceros-no-aleados-corte-y-repelado","8":"product_cat-electrodos","9":"yith_product_brand-bohler","11":"first","12":"instock","13":"taxable","14":"shipping-taxable","15":"product-type-simple"},"_links":{"self":[{"href":"https:\/\/meriansrl.com\/home\/wp-json\/wp\/v2\/product\/3558","targetHints":{"allow":["GET"]}}],"collection":[{"href":"https:\/\/meriansrl.com\/home\/wp-json\/wp\/v2\/product"}],"about":[{"href":"https:\/\/meriansrl.com\/home\/wp-json\/wp\/v2\/types\/product"}],"replies":[{"embeddable":true,"href":"https:\/\/meriansrl.com\/home\/wp-json\/wp\/v2\/comments?post=3558"}],"wp:featuredmedia":[{"embeddable":true,"href":"https:\/\/meriansrl.com\/home\/wp-json\/wp\/v2\/media\/3531"}],"wp:attachment":[{"href":"https:\/\/meriansrl.com\/home\/wp-json\/wp\/v2\/media?parent=3558"}],"curies":[{"name":"wp","href":"https:\/\/api.w.org\/{rel}","templated":true}]}}