{"id":3582,"date":"2020-04-13T10:27:54","date_gmt":"2020-04-13T13:27:54","guid":{"rendered":"https:\/\/meriansrl.com\/home\/?post_type=product&#038;p=3582"},"modified":"2020-05-20T14:52:34","modified_gmt":"2020-05-20T17:52:34","slug":"electrodo-9018-2","status":"publish","type":"product","link":"https:\/\/meriansrl.com\/home\/producto\/electrodo-9018-2\/","title":{"rendered":"Electrodo 9018"},"content":{"rendered":"<p><img loading=\"lazy\" decoding=\"async\" class=\"alignnone wp-image-3583 size-full\" src=\"https:\/\/meriansrl.com\/home\/wp-content\/uploads\/2020\/04\/9018.png\" alt=\"\" width=\"693\" height=\"225\" srcset=\"https:\/\/meriansrl.com\/home\/wp-content\/uploads\/2020\/04\/9018.png 693w, https:\/\/meriansrl.com\/home\/wp-content\/uploads\/2020\/04\/9018-640x208.png 640w, https:\/\/meriansrl.com\/home\/wp-content\/uploads\/2020\/04\/9018-400x130.png 400w, https:\/\/meriansrl.com\/home\/wp-content\/uploads\/2020\/04\/9018-600x195.png 600w\" sizes=\"auto, (max-width: 693px) 100vw, 693px\" \/><\/p>\n<p>Hoja T\u00e9cnica:<\/p>\n<p><a href=\"https:\/\/meriansrl.com\/home\/wp-content\/uploads\/2020\/04\/E9018.pdf\" target=\"_blank\" rel=\"noopener noreferrer\">E9018<\/a><\/p>\n","protected":false},"excerpt":{"rendered":"<p>Electrodo b\u00e1sico de baja aleaci\u00f3n, para soldadura de aceros 2,25 Cr-1 Mo. F\u00e1cil remoci\u00f3n de escoria, alta resistencia a la fisuraci\u00f3n, alta tenacidad.<\/p>\n","protected":false},"featured_media":3531,"comment_status":"open","ping_status":"closed","template":"","meta":[],"class_list":{"0":"post-3582","1":"product","2":"type-product","3":"status-publish","4":"has-post-thumbnail","6":"product_cat-consumibles-y-aportes","7":"product_cat-electrodos-aceros-baja-y-media-aleacion","8":"product_cat-electrodos","9":"yith_product_brand-bohler","11":"first","12":"instock","13":"taxable","14":"shipping-taxable","15":"product-type-simple"},"_links":{"self":[{"href":"https:\/\/meriansrl.com\/home\/wp-json\/wp\/v2\/product\/3582","targetHints":{"allow":["GET"]}}],"collection":[{"href":"https:\/\/meriansrl.com\/home\/wp-json\/wp\/v2\/product"}],"about":[{"href":"https:\/\/meriansrl.com\/home\/wp-json\/wp\/v2\/types\/product"}],"replies":[{"embeddable":true,"href":"https:\/\/meriansrl.com\/home\/wp-json\/wp\/v2\/comments?post=3582"}],"wp:featuredmedia":[{"embeddable":true,"href":"https:\/\/meriansrl.com\/home\/wp-json\/wp\/v2\/media\/3531"}],"wp:attachment":[{"href":"https:\/\/meriansrl.com\/home\/wp-json\/wp\/v2\/media?parent=3582"}],"curies":[{"name":"wp","href":"https:\/\/api.w.org\/{rel}","templated":true}]}}