{"id":3588,"date":"2020-04-13T11:24:20","date_gmt":"2020-04-13T14:24:20","guid":{"rendered":"https:\/\/meriansrl.com\/home\/?post_type=product&#038;p=3588"},"modified":"2020-05-20T15:16:48","modified_gmt":"2020-05-20T18:16:48","slug":"electrodo-307","status":"publish","type":"product","link":"https:\/\/meriansrl.com\/home\/producto\/electrodo-307\/","title":{"rendered":"Electrodo 307 (UTP 63)"},"content":{"rendered":"<p><img loading=\"lazy\" decoding=\"async\" class=\"alignnone wp-image-3893 size-full\" src=\"https:\/\/meriansrl.com\/home\/wp-content\/uploads\/2020\/04\/307.png\" alt=\"\" width=\"793\" height=\"253\" srcset=\"https:\/\/meriansrl.com\/home\/wp-content\/uploads\/2020\/04\/307.png 793w, https:\/\/meriansrl.com\/home\/wp-content\/uploads\/2020\/04\/307-768x245.png 768w, https:\/\/meriansrl.com\/home\/wp-content\/uploads\/2020\/04\/307-640x204.png 640w, https:\/\/meriansrl.com\/home\/wp-content\/uploads\/2020\/04\/307-400x128.png 400w, https:\/\/meriansrl.com\/home\/wp-content\/uploads\/2020\/04\/307-600x191.png 600w\" sizes=\"auto, (max-width: 793px) 100vw, 793px\" \/><\/p>\n<p>Ficha T\u00e9cnica:<\/p>\n<p><a href=\"https:\/\/meriansrl.com\/home\/wp-content\/uploads\/2020\/04\/307.pdf\" target=\"_blank\" rel=\"noopener noreferrer\">307<\/a><\/p>\n","protected":false},"excerpt":{"rendered":"<p>Electrodo totalmente austen\u00edtico utilizado para soldadura y recargue de aceros al carbono o aleados, uni\u00f3n de aceros al carbono con aceros al cromo &#8211; n\u00edquel. Uni\u00f3n de materiales anti-magn\u00e9ticos, aceros de alto manganeso. Alta resistencia a la fisuraci\u00f3n, adecuado para capas intermedias en recargues duros.<\/p>\n","protected":false},"featured_media":3568,"comment_status":"open","ping_status":"closed","template":"","meta":[],"class_list":{"0":"post-3588","1":"product","2":"type-product","3":"status-publish","4":"has-post-thumbnail","6":"product_cat-consumibles-y-aportes","7":"product_cat-electrodos-aceros-inoxidables-y-uniones-disimiles","8":"product_cat-electrodos","9":"yith_product_brand-bohler","11":"first","12":"instock","13":"taxable","14":"shipping-taxable","15":"product-type-simple"},"_links":{"self":[{"href":"https:\/\/meriansrl.com\/home\/wp-json\/wp\/v2\/product\/3588","targetHints":{"allow":["GET"]}}],"collection":[{"href":"https:\/\/meriansrl.com\/home\/wp-json\/wp\/v2\/product"}],"about":[{"href":"https:\/\/meriansrl.com\/home\/wp-json\/wp\/v2\/types\/product"}],"replies":[{"embeddable":true,"href":"https:\/\/meriansrl.com\/home\/wp-json\/wp\/v2\/comments?post=3588"}],"wp:featuredmedia":[{"embeddable":true,"href":"https:\/\/meriansrl.com\/home\/wp-json\/wp\/v2\/media\/3568"}],"wp:attachment":[{"href":"https:\/\/meriansrl.com\/home\/wp-json\/wp\/v2\/media?parent=3588"}],"curies":[{"name":"wp","href":"https:\/\/api.w.org\/{rel}","templated":true}]}}