{"id":3592,"date":"2020-04-13T11:48:39","date_gmt":"2020-04-13T14:48:39","guid":{"rendered":"https:\/\/meriansrl.com\/home\/?post_type=product&#038;p=3592"},"modified":"2020-05-20T15:15:56","modified_gmt":"2020-05-20T18:15:56","slug":"electrodo-308","status":"publish","type":"product","link":"https:\/\/meriansrl.com\/home\/producto\/electrodo-308\/","title":{"rendered":"Electrodo 308 (UTP 68U)"},"content":{"rendered":"<p><img loading=\"lazy\" decoding=\"async\" class=\"alignnone wp-image-3899 size-full\" src=\"https:\/\/meriansrl.com\/home\/wp-content\/uploads\/2020\/04\/E-308.png\" alt=\"\" width=\"792\" height=\"253\" srcset=\"https:\/\/meriansrl.com\/home\/wp-content\/uploads\/2020\/04\/E-308.png 792w, https:\/\/meriansrl.com\/home\/wp-content\/uploads\/2020\/04\/E-308-768x245.png 768w, https:\/\/meriansrl.com\/home\/wp-content\/uploads\/2020\/04\/E-308-640x204.png 640w, https:\/\/meriansrl.com\/home\/wp-content\/uploads\/2020\/04\/E-308-400x128.png 400w, https:\/\/meriansrl.com\/home\/wp-content\/uploads\/2020\/04\/E-308-600x192.png 600w\" sizes=\"auto, (max-width: 792px) 100vw, 792px\" \/><\/p>\n<p>&nbsp;<\/p>\n<p>&nbsp;<\/p>\n","protected":false},"excerpt":{"rendered":"<p>Electrodo estabilizado con revestimiento mixto para soldadura de acero AISI 304, 304H, 321H, 347H y 1,4948, asi como acero inoxidable ferr\u00edtico tipo 13 % Cr. Cord\u00f3n uniforme, f\u00e1cil desprendimiento de escoria. Temperatura de servicio hasta 700\u00baC.<\/p>\n","protected":false},"featured_media":3531,"comment_status":"open","ping_status":"closed","template":"","meta":[],"class_list":{"0":"post-3592","1":"product","2":"type-product","3":"status-publish","4":"has-post-thumbnail","6":"product_cat-consumibles-y-aportes","7":"product_cat-electrodos-aceros-inoxidables-y-uniones-disimiles","8":"product_cat-electrodos","9":"yith_product_brand-bohler","11":"first","12":"instock","13":"taxable","14":"shipping-taxable","15":"product-type-simple"},"_links":{"self":[{"href":"https:\/\/meriansrl.com\/home\/wp-json\/wp\/v2\/product\/3592","targetHints":{"allow":["GET"]}}],"collection":[{"href":"https:\/\/meriansrl.com\/home\/wp-json\/wp\/v2\/product"}],"about":[{"href":"https:\/\/meriansrl.com\/home\/wp-json\/wp\/v2\/types\/product"}],"replies":[{"embeddable":true,"href":"https:\/\/meriansrl.com\/home\/wp-json\/wp\/v2\/comments?post=3592"}],"wp:featuredmedia":[{"embeddable":true,"href":"https:\/\/meriansrl.com\/home\/wp-json\/wp\/v2\/media\/3531"}],"wp:attachment":[{"href":"https:\/\/meriansrl.com\/home\/wp-json\/wp\/v2\/media?parent=3592"}],"curies":[{"name":"wp","href":"https:\/\/api.w.org\/{rel}","templated":true}]}}