{"id":3595,"date":"2020-04-13T12:09:51","date_gmt":"2020-04-13T15:09:51","guid":{"rendered":"https:\/\/meriansrl.com\/home\/?post_type=product&#038;p=3595"},"modified":"2020-05-20T16:15:04","modified_gmt":"2020-05-20T19:15:04","slug":"electrodo-309","status":"publish","type":"product","link":"https:\/\/meriansrl.com\/home\/producto\/electrodo-309\/","title":{"rendered":"Electrodo 309 L (Avesta)"},"content":{"rendered":"<p><img loading=\"lazy\" decoding=\"async\" class=\"alignnone wp-image-3903 size-full\" src=\"https:\/\/meriansrl.com\/home\/wp-content\/uploads\/2020\/04\/E-309L.png\" alt=\"\" width=\"792\" height=\"291\" srcset=\"https:\/\/meriansrl.com\/home\/wp-content\/uploads\/2020\/04\/E-309L.png 792w, https:\/\/meriansrl.com\/home\/wp-content\/uploads\/2020\/04\/E-309L-768x282.png 768w, https:\/\/meriansrl.com\/home\/wp-content\/uploads\/2020\/04\/E-309L-640x235.png 640w, https:\/\/meriansrl.com\/home\/wp-content\/uploads\/2020\/04\/E-309L-400x147.png 400w, https:\/\/meriansrl.com\/home\/wp-content\/uploads\/2020\/04\/E-309L-600x220.png 600w\" sizes=\"auto, (max-width: 792px) 100vw, 792px\" \/><\/p>\n<p>Hoja T\u00e9cnica:<\/p>\n<p><a href=\"https:\/\/meriansrl.com\/home\/wp-content\/uploads\/2020\/04\/309L.pdf\" target=\"_blank\" rel=\"noopener noreferrer\">309L<\/a><\/p>\n","protected":false},"excerpt":{"rendered":"<p>Electrodo altamente aleado de bajo carbono dise\u00f1ado para soldadura disimil entre aceros inoxidables y aceros de media o baja aleaci\u00f3n. Tambi\u00e9n adecuado como capa colch\u00f3n en soldaduras de recubrimiento sobre aceros de media aleaci\u00f3n.<\/p>\n","protected":false},"featured_media":3531,"comment_status":"open","ping_status":"closed","template":"","meta":[],"class_list":{"0":"post-3595","1":"product","2":"type-product","3":"status-publish","4":"has-post-thumbnail","6":"product_cat-consumibles-y-aportes","7":"product_cat-electrodos-aceros-inoxidables-y-uniones-disimiles","8":"product_cat-electrodos","9":"yith_product_brand-bluweld","10":"yith_product_brand-bohler","12":"first","13":"instock","14":"taxable","15":"shipping-taxable","16":"product-type-simple"},"_links":{"self":[{"href":"https:\/\/meriansrl.com\/home\/wp-json\/wp\/v2\/product\/3595","targetHints":{"allow":["GET"]}}],"collection":[{"href":"https:\/\/meriansrl.com\/home\/wp-json\/wp\/v2\/product"}],"about":[{"href":"https:\/\/meriansrl.com\/home\/wp-json\/wp\/v2\/types\/product"}],"replies":[{"embeddable":true,"href":"https:\/\/meriansrl.com\/home\/wp-json\/wp\/v2\/comments?post=3595"}],"wp:featuredmedia":[{"embeddable":true,"href":"https:\/\/meriansrl.com\/home\/wp-json\/wp\/v2\/media\/3531"}],"wp:attachment":[{"href":"https:\/\/meriansrl.com\/home\/wp-json\/wp\/v2\/media?parent=3595"}],"curies":[{"name":"wp","href":"https:\/\/api.w.org\/{rel}","templated":true}]}}