{"id":3600,"date":"2020-04-13T12:38:04","date_gmt":"2020-04-13T15:38:04","guid":{"rendered":"https:\/\/meriansrl.com\/home\/?post_type=product&#038;p=3600"},"modified":"2020-05-20T17:27:54","modified_gmt":"2020-05-20T20:27:54","slug":"electrodo-312","status":"publish","type":"product","link":"https:\/\/meriansrl.com\/home\/producto\/electrodo-312\/","title":{"rendered":"Electrodo 312  ( UTP 65)"},"content":{"rendered":"<p><img loading=\"lazy\" decoding=\"async\" class=\"alignnone wp-image-3905 size-full\" src=\"https:\/\/meriansrl.com\/home\/wp-content\/uploads\/2020\/04\/E-312-UTP-65.png\" alt=\"\" width=\"792\" height=\"291\" srcset=\"https:\/\/meriansrl.com\/home\/wp-content\/uploads\/2020\/04\/E-312-UTP-65.png 792w, https:\/\/meriansrl.com\/home\/wp-content\/uploads\/2020\/04\/E-312-UTP-65-768x282.png 768w, https:\/\/meriansrl.com\/home\/wp-content\/uploads\/2020\/04\/E-312-UTP-65-640x235.png 640w, https:\/\/meriansrl.com\/home\/wp-content\/uploads\/2020\/04\/E-312-UTP-65-400x147.png 400w, https:\/\/meriansrl.com\/home\/wp-content\/uploads\/2020\/04\/E-312-UTP-65-600x220.png 600w\" sizes=\"auto, (max-width: 792px) 100vw, 792px\" \/><\/p>\n<p>Hoja T\u00e9cnica:<\/p>\n<p><a href=\"https:\/\/meriansrl.com\/home\/wp-content\/uploads\/2020\/04\/E-312-16.pdf\" target=\"_blank\" rel=\"noopener noreferrer\">E 312 16<\/a><\/p>\n","protected":false},"excerpt":{"rendered":"<p>Electrodo especial tipo Cr Ni para soldadura de aceros dis\u00edmiles. Excelente caracter\u00edsticas mec\u00e1nicas, \u00f3ptimo para soldar aceros de dif\u00edcil soldabilidad. M\u00e1xima resistencia a la fisuraci\u00f3n. Aplicaciones varias, como mantenimiento, herramientas, matricer\u00eda, etc. Dureza: -240 HB.<\/p>\n","protected":false},"featured_media":3531,"comment_status":"open","ping_status":"closed","template":"","meta":[],"class_list":{"0":"post-3600","1":"product","2":"type-product","3":"status-publish","4":"has-post-thumbnail","6":"product_cat-consumibles-y-aportes","7":"product_cat-electrodos-aceros-inoxidables-y-uniones-disimiles","8":"product_cat-electrodos","9":"yith_product_brand-bluweld","10":"yith_product_brand-bohler","12":"first","13":"instock","14":"taxable","15":"shipping-taxable","16":"product-type-simple"},"_links":{"self":[{"href":"https:\/\/meriansrl.com\/home\/wp-json\/wp\/v2\/product\/3600","targetHints":{"allow":["GET"]}}],"collection":[{"href":"https:\/\/meriansrl.com\/home\/wp-json\/wp\/v2\/product"}],"about":[{"href":"https:\/\/meriansrl.com\/home\/wp-json\/wp\/v2\/types\/product"}],"replies":[{"embeddable":true,"href":"https:\/\/meriansrl.com\/home\/wp-json\/wp\/v2\/comments?post=3600"}],"wp:featuredmedia":[{"embeddable":true,"href":"https:\/\/meriansrl.com\/home\/wp-json\/wp\/v2\/media\/3531"}],"wp:attachment":[{"href":"https:\/\/meriansrl.com\/home\/wp-json\/wp\/v2\/media?parent=3600"}],"curies":[{"name":"wp","href":"https:\/\/api.w.org\/{rel}","templated":true}]}}