{"id":3614,"date":"2020-04-14T12:12:44","date_gmt":"2020-04-14T15:12:44","guid":{"rendered":"https:\/\/meriansrl.com\/home\/?post_type=product&#038;p=3614"},"modified":"2020-05-21T10:42:07","modified_gmt":"2020-05-21T13:42:07","slug":"electrodo-utp-350","status":"publish","type":"product","link":"https:\/\/meriansrl.com\/home\/producto\/electrodo-utp-350\/","title":{"rendered":"Electrodo UTP 350"},"content":{"rendered":"<p><img loading=\"lazy\" decoding=\"async\" class=\"alignnone wp-image-3915 size-full\" src=\"https:\/\/meriansrl.com\/home\/wp-content\/uploads\/2020\/04\/UTP-350-DUR.png\" alt=\"\" width=\"774\" height=\"239\" srcset=\"https:\/\/meriansrl.com\/home\/wp-content\/uploads\/2020\/04\/UTP-350-DUR.png 774w, https:\/\/meriansrl.com\/home\/wp-content\/uploads\/2020\/04\/UTP-350-DUR-768x237.png 768w, https:\/\/meriansrl.com\/home\/wp-content\/uploads\/2020\/04\/UTP-350-DUR-640x198.png 640w, https:\/\/meriansrl.com\/home\/wp-content\/uploads\/2020\/04\/UTP-350-DUR-400x124.png 400w, https:\/\/meriansrl.com\/home\/wp-content\/uploads\/2020\/04\/UTP-350-DUR-600x185.png 600w\" sizes=\"auto, (max-width: 774px) 100vw, 774px\" \/><\/p>\n<p>Ficha T\u00e9cnica:<\/p>\n<p><a href=\"https:\/\/meriansrl.com\/home\/wp-content\/uploads\/2020\/04\/350.pdf\" target=\"_blank\" rel=\"noopener noreferrer\">350<\/a><\/p>\n","protected":false},"excerpt":{"rendered":"<p>Electrodo b\u00e1sico para revestimiento y reconstrucci\u00f3n de componentes sujetos a compresi\u00f3n y rozamiento. Buena resistencia al impacto.<\/p>\n","protected":false},"featured_media":3568,"comment_status":"open","ping_status":"closed","template":"","meta":[],"class_list":{"0":"post-3614","1":"product","2":"type-product","3":"status-publish","4":"has-post-thumbnail","6":"product_cat-consumibles-y-aportes","7":"product_cat-electrodos","8":"product_cat-electrodos-revestimiento-duro","9":"yith_product_brand-bohler","11":"first","12":"instock","13":"taxable","14":"shipping-taxable","15":"product-type-simple"},"_links":{"self":[{"href":"https:\/\/meriansrl.com\/home\/wp-json\/wp\/v2\/product\/3614","targetHints":{"allow":["GET"]}}],"collection":[{"href":"https:\/\/meriansrl.com\/home\/wp-json\/wp\/v2\/product"}],"about":[{"href":"https:\/\/meriansrl.com\/home\/wp-json\/wp\/v2\/types\/product"}],"replies":[{"embeddable":true,"href":"https:\/\/meriansrl.com\/home\/wp-json\/wp\/v2\/comments?post=3614"}],"wp:featuredmedia":[{"embeddable":true,"href":"https:\/\/meriansrl.com\/home\/wp-json\/wp\/v2\/media\/3568"}],"wp:attachment":[{"href":"https:\/\/meriansrl.com\/home\/wp-json\/wp\/v2\/media?parent=3614"}],"curies":[{"name":"wp","href":"https:\/\/api.w.org\/{rel}","templated":true}]}}