{"id":3625,"date":"2020-04-15T10:00:34","date_gmt":"2020-04-15T13:00:34","guid":{"rendered":"https:\/\/meriansrl.com\/home\/?post_type=product&#038;p=3625"},"modified":"2020-05-21T11:55:27","modified_gmt":"2020-05-21T14:55:27","slug":"electrodo-utp-710","status":"publish","type":"product","link":"https:\/\/meriansrl.com\/home\/producto\/electrodo-utp-710\/","title":{"rendered":"Electrodo 1400 (UTP 710)"},"content":{"rendered":"<p><img loading=\"lazy\" decoding=\"async\" class=\"alignnone wp-image-3921 size-full\" src=\"https:\/\/meriansrl.com\/home\/wp-content\/uploads\/2020\/04\/UTP-7100.png\" alt=\"\" width=\"774\" height=\"291\" srcset=\"https:\/\/meriansrl.com\/home\/wp-content\/uploads\/2020\/04\/UTP-7100.png 774w, https:\/\/meriansrl.com\/home\/wp-content\/uploads\/2020\/04\/UTP-7100-768x289.png 768w, https:\/\/meriansrl.com\/home\/wp-content\/uploads\/2020\/04\/UTP-7100-640x241.png 640w, https:\/\/meriansrl.com\/home\/wp-content\/uploads\/2020\/04\/UTP-7100-400x150.png 400w, https:\/\/meriansrl.com\/home\/wp-content\/uploads\/2020\/04\/UTP-7100-600x226.png 600w\" sizes=\"auto, (max-width: 774px) 100vw, 774px\" \/><\/p>\n<p>Hoja T\u00e9cnica:<\/p>\n<p><a href=\"https:\/\/meriansrl.com\/home\/wp-content\/uploads\/2020\/04\/UTP-7100.pdf\" target=\"_blank\" rel=\"noopener noreferrer\">UTP 7100<\/a><\/p>\n","protected":false},"excerpt":{"rendered":"<p>Electrodo rut\u00edlico con alto tenor de carburos de cromo para revestimientos protectores contra abrasi\u00f3n severa, erosi\u00f3n, cavitaci\u00f3n e impacto moderado. Arco estable, escoria de f\u00e1cil remoci\u00f3n.<\/p>\n","protected":false},"featured_media":3568,"comment_status":"open","ping_status":"closed","template":"","meta":[],"class_list":{"0":"post-3625","1":"product","2":"type-product","3":"status-publish","4":"has-post-thumbnail","6":"product_cat-consumibles-y-aportes","7":"product_cat-electrodos","8":"product_cat-electrodos-revestimiento-duro","9":"yith_product_brand-bluweld","10":"yith_product_brand-bohler","12":"first","13":"instock","14":"taxable","15":"shipping-taxable","16":"product-type-simple"},"_links":{"self":[{"href":"https:\/\/meriansrl.com\/home\/wp-json\/wp\/v2\/product\/3625","targetHints":{"allow":["GET"]}}],"collection":[{"href":"https:\/\/meriansrl.com\/home\/wp-json\/wp\/v2\/product"}],"about":[{"href":"https:\/\/meriansrl.com\/home\/wp-json\/wp\/v2\/types\/product"}],"replies":[{"embeddable":true,"href":"https:\/\/meriansrl.com\/home\/wp-json\/wp\/v2\/comments?post=3625"}],"wp:featuredmedia":[{"embeddable":true,"href":"https:\/\/meriansrl.com\/home\/wp-json\/wp\/v2\/media\/3568"}],"wp:attachment":[{"href":"https:\/\/meriansrl.com\/home\/wp-json\/wp\/v2\/media?parent=3625"}],"curies":[{"name":"wp","href":"https:\/\/api.w.org\/{rel}","templated":true}]}}