{"id":3633,"date":"2020-04-15T11:49:34","date_gmt":"2020-04-15T14:49:34","guid":{"rendered":"https:\/\/meriansrl.com\/home\/?post_type=product&#038;p=3633"},"modified":"2020-05-21T12:40:17","modified_gmt":"2020-05-21T15:40:17","slug":"utp-8","status":"publish","type":"product","link":"https:\/\/meriansrl.com\/home\/producto\/utp-8\/","title":{"rendered":"Electrodo UTP8 (E Ni-Cl)  NI100"},"content":{"rendered":"<p><img loading=\"lazy\" decoding=\"async\" class=\"alignnone wp-image-3924 size-full\" src=\"https:\/\/meriansrl.com\/home\/wp-content\/uploads\/2020\/04\/UTP-8-...png\" alt=\"\" width=\"774\" height=\"291\" srcset=\"https:\/\/meriansrl.com\/home\/wp-content\/uploads\/2020\/04\/UTP-8-...png 774w, https:\/\/meriansrl.com\/home\/wp-content\/uploads\/2020\/04\/UTP-8-..-768x289.png 768w, https:\/\/meriansrl.com\/home\/wp-content\/uploads\/2020\/04\/UTP-8-..-640x241.png 640w, https:\/\/meriansrl.com\/home\/wp-content\/uploads\/2020\/04\/UTP-8-..-400x150.png 400w, https:\/\/meriansrl.com\/home\/wp-content\/uploads\/2020\/04\/UTP-8-..-600x226.png 600w\" sizes=\"auto, (max-width: 774px) 100vw, 774px\" \/><\/p>\n<p>Hoja T\u00e9cnica:<\/p>\n<p><a href=\"https:\/\/meriansrl.com\/home\/wp-content\/uploads\/2020\/04\/UTP-8.pdf\" target=\"_blank\" rel=\"noopener noreferrer\">UTP 8<\/a><\/p>\n","protected":false},"excerpt":{"rendered":"<p>Electrodo base n\u00edquel para soldadura en fr\u00edo de la fundici\u00f3n de hierro gris y maleable. Dep\u00f3sito y zonas de transici\u00f3n limables. Se destaca por sus extraordinarias caracter\u00edsticas de soldadura. Su arco es perfectamente estable, permitiendo dep\u00f3sitos libres de porosidad, salpicaduras, etc. Escoria f\u00e1cilmente removible. Dureza: &#8211; 180 HB.<\/p>\n","protected":false},"featured_media":3568,"comment_status":"open","ping_status":"closed","template":"","meta":[],"class_list":{"0":"post-3633","1":"product","2":"type-product","3":"status-publish","4":"has-post-thumbnail","6":"product_cat-consumibles-y-aportes","7":"product_cat-electrodos-fundicion-y-no-ferrosos","8":"product_cat-electrodos","9":"yith_product_brand-bluweld","10":"yith_product_brand-bohler","12":"first","13":"instock","14":"taxable","15":"shipping-taxable","16":"product-type-simple"},"_links":{"self":[{"href":"https:\/\/meriansrl.com\/home\/wp-json\/wp\/v2\/product\/3633","targetHints":{"allow":["GET"]}}],"collection":[{"href":"https:\/\/meriansrl.com\/home\/wp-json\/wp\/v2\/product"}],"about":[{"href":"https:\/\/meriansrl.com\/home\/wp-json\/wp\/v2\/types\/product"}],"replies":[{"embeddable":true,"href":"https:\/\/meriansrl.com\/home\/wp-json\/wp\/v2\/comments?post=3633"}],"wp:featuredmedia":[{"embeddable":true,"href":"https:\/\/meriansrl.com\/home\/wp-json\/wp\/v2\/media\/3568"}],"wp:attachment":[{"href":"https:\/\/meriansrl.com\/home\/wp-json\/wp\/v2\/media?parent=3633"}],"curies":[{"name":"wp","href":"https:\/\/api.w.org\/{rel}","templated":true}]}}