{"id":3639,"date":"2020-04-15T12:22:20","date_gmt":"2020-04-15T15:22:20","guid":{"rendered":"https:\/\/meriansrl.com\/home\/?post_type=product&#038;p=3639"},"modified":"2020-05-21T13:03:33","modified_gmt":"2020-05-21T16:03:33","slug":"electrodo-utp-86-ni55","status":"publish","type":"product","link":"https:\/\/meriansrl.com\/home\/producto\/electrodo-utp-86-ni55\/","title":{"rendered":"Electrodo UTP 86 FN (E NiFe Cl   &#8211; NI55)"},"content":{"rendered":"<p><img loading=\"lazy\" decoding=\"async\" class=\"alignnone wp-image-3927 size-full\" src=\"https:\/\/meriansrl.com\/home\/wp-content\/uploads\/2020\/04\/UTP-86-FN.png\" alt=\"\" width=\"774\" height=\"291\" srcset=\"https:\/\/meriansrl.com\/home\/wp-content\/uploads\/2020\/04\/UTP-86-FN.png 774w, https:\/\/meriansrl.com\/home\/wp-content\/uploads\/2020\/04\/UTP-86-FN-768x289.png 768w, https:\/\/meriansrl.com\/home\/wp-content\/uploads\/2020\/04\/UTP-86-FN-640x241.png 640w, https:\/\/meriansrl.com\/home\/wp-content\/uploads\/2020\/04\/UTP-86-FN-400x150.png 400w, https:\/\/meriansrl.com\/home\/wp-content\/uploads\/2020\/04\/UTP-86-FN-600x226.png 600w\" sizes=\"auto, (max-width: 774px) 100vw, 774px\" \/><\/p>\n<p>Hoja T\u00e9cnica:<\/p>\n<p><a href=\"https:\/\/meriansrl.com\/home\/wp-content\/uploads\/2020\/04\/UTP-86-FN.pdf\" target=\"_blank\" rel=\"noopener noreferrer\">UTP 86 FN<\/a><\/p>\n","protected":false},"excerpt":{"rendered":"<p>Electrodo de hierro &#8211; n\u00edquel para soldaduras de fundici\u00f3n de hierros nuevas y para reparaci\u00f3n de fisuras y roturas. Debido a su alta resistencia mec\u00e1nica, es indicado para la soldadura de hierro fundido. Caracter\u00edstica de deposici\u00f3n r\u00e1pida con escoria de f\u00e1cil remoci\u00f3n. Dureza: 150 a 200 HB.<\/p>\n","protected":false},"featured_media":3568,"comment_status":"open","ping_status":"closed","template":"","meta":[],"class_list":{"0":"post-3639","1":"product","2":"type-product","3":"status-publish","4":"has-post-thumbnail","6":"product_cat-consumibles-y-aportes","7":"product_cat-electrodos-fundicion-y-no-ferrosos","8":"product_cat-electrodos","9":"yith_product_brand-bluweld","10":"yith_product_brand-bohler","12":"first","13":"instock","14":"taxable","15":"shipping-taxable","16":"product-type-simple"},"_links":{"self":[{"href":"https:\/\/meriansrl.com\/home\/wp-json\/wp\/v2\/product\/3639","targetHints":{"allow":["GET"]}}],"collection":[{"href":"https:\/\/meriansrl.com\/home\/wp-json\/wp\/v2\/product"}],"about":[{"href":"https:\/\/meriansrl.com\/home\/wp-json\/wp\/v2\/types\/product"}],"replies":[{"embeddable":true,"href":"https:\/\/meriansrl.com\/home\/wp-json\/wp\/v2\/comments?post=3639"}],"wp:featuredmedia":[{"embeddable":true,"href":"https:\/\/meriansrl.com\/home\/wp-json\/wp\/v2\/media\/3568"}],"wp:attachment":[{"href":"https:\/\/meriansrl.com\/home\/wp-json\/wp\/v2\/media?parent=3639"}],"curies":[{"name":"wp","href":"https:\/\/api.w.org\/{rel}","templated":true}]}}