{"id":3644,"date":"2020-04-15T12:55:18","date_gmt":"2020-04-15T15:55:18","guid":{"rendered":"https:\/\/meriansrl.com\/home\/?post_type=product&#038;p=3644"},"modified":"2020-05-21T14:34:22","modified_gmt":"2020-05-21T17:34:22","slug":"electrodo-utp320n","status":"publish","type":"product","link":"https:\/\/meriansrl.com\/home\/producto\/electrodo-utp320n\/","title":{"rendered":"Electrodo UTP 320N (Bronce)"},"content":{"rendered":"<p><img loading=\"lazy\" decoding=\"async\" class=\"alignnone wp-image-3934 size-full\" src=\"https:\/\/meriansrl.com\/home\/wp-content\/uploads\/2020\/04\/UTP-320-NN.png\" alt=\"\" width=\"769\" height=\"277\" srcset=\"https:\/\/meriansrl.com\/home\/wp-content\/uploads\/2020\/04\/UTP-320-NN.png 769w, https:\/\/meriansrl.com\/home\/wp-content\/uploads\/2020\/04\/UTP-320-NN-640x231.png 640w, https:\/\/meriansrl.com\/home\/wp-content\/uploads\/2020\/04\/UTP-320-NN-400x144.png 400w, https:\/\/meriansrl.com\/home\/wp-content\/uploads\/2020\/04\/UTP-320-NN-600x216.png 600w\" sizes=\"auto, (max-width: 769px) 100vw, 769px\" \/><\/p>\n<p>Hoja T\u00e9cnica:<\/p>\n<p><a href=\"https:\/\/meriansrl.com\/home\/wp-content\/uploads\/2020\/04\/32.pdf\" target=\"_blank\" rel=\"noopener noreferrer\">32<\/a><\/p>\n","protected":false},"excerpt":{"rendered":"<p>Electrodo b\u00e1sico de bronce al esta\u00f1o (entre 6-8% Sn) para unir y revestir con esta aleaci\u00f3n. Aplicable sobre acero, funciones, etc, dando lugar a una buena resistencia a la corrosi\u00f3n marina y buenas caracter\u00edsticas antifricci\u00f3n.<\/p>\n","protected":false},"featured_media":3568,"comment_status":"open","ping_status":"closed","template":"","meta":[],"class_list":{"0":"post-3644","1":"product","2":"type-product","3":"status-publish","4":"has-post-thumbnail","6":"product_cat-consumibles-y-aportes","7":"product_cat-electrodos-fundicion-y-no-ferrosos","8":"product_cat-electrodos","9":"yith_product_brand-bohler","11":"first","12":"instock","13":"taxable","14":"shipping-taxable","15":"product-type-simple"},"_links":{"self":[{"href":"https:\/\/meriansrl.com\/home\/wp-json\/wp\/v2\/product\/3644","targetHints":{"allow":["GET"]}}],"collection":[{"href":"https:\/\/meriansrl.com\/home\/wp-json\/wp\/v2\/product"}],"about":[{"href":"https:\/\/meriansrl.com\/home\/wp-json\/wp\/v2\/types\/product"}],"replies":[{"embeddable":true,"href":"https:\/\/meriansrl.com\/home\/wp-json\/wp\/v2\/comments?post=3644"}],"wp:featuredmedia":[{"embeddable":true,"href":"https:\/\/meriansrl.com\/home\/wp-json\/wp\/v2\/media\/3568"}],"wp:attachment":[{"href":"https:\/\/meriansrl.com\/home\/wp-json\/wp\/v2\/media?parent=3644"}],"curies":[{"name":"wp","href":"https:\/\/api.w.org\/{rel}","templated":true}]}}