{"id":3672,"date":"2020-04-17T11:25:52","date_gmt":"2020-04-17T14:25:52","guid":{"rendered":"https:\/\/meriansrl.com\/home\/?post_type=product&#038;p=3672"},"modified":"2020-05-21T16:17:31","modified_gmt":"2020-05-21T19:17:31","slug":"varilla-er80sb2","status":"publish","type":"product","link":"https:\/\/meriansrl.com\/home\/producto\/varilla-er80sb2\/","title":{"rendered":"Varilla ER80SB2"},"content":{"rendered":"<p><img loading=\"lazy\" decoding=\"async\" class=\"alignnone wp-image-3943 size-full\" src=\"https:\/\/meriansrl.com\/home\/wp-content\/uploads\/2020\/04\/ER80S-B2.png\" alt=\"\" width=\"769\" height=\"257\" srcset=\"https:\/\/meriansrl.com\/home\/wp-content\/uploads\/2020\/04\/ER80S-B2.png 769w, https:\/\/meriansrl.com\/home\/wp-content\/uploads\/2020\/04\/ER80S-B2-640x214.png 640w, https:\/\/meriansrl.com\/home\/wp-content\/uploads\/2020\/04\/ER80S-B2-400x134.png 400w, https:\/\/meriansrl.com\/home\/wp-content\/uploads\/2020\/04\/ER80S-B2-600x201.png 600w\" sizes=\"auto, (max-width: 769px) 100vw, 769px\" \/><\/p>\n<p>Hoja T\u00e9cnica:<\/p>\n<p><a href=\"https:\/\/meriansrl.com\/home\/wp-content\/uploads\/2020\/04\/ER80SB2.pdf\" target=\"_blank\" rel=\"noopener noreferrer\">ER80SB2<\/a><\/p>\n","protected":false},"excerpt":{"rendered":"<p>Varilla\/alambre de baja aleaci\u00f3n para soldar aceros estructurales y de caldeder\u00eda del tipo 1,25 Cr &#8211; 0,5 Mo. Tratable t\u00e9rmicamente.<\/p>\n","protected":false},"featured_media":3666,"comment_status":"open","ping_status":"closed","template":"","meta":[],"class_list":{"0":"post-3672","1":"product","2":"type-product","3":"status-publish","4":"has-post-thumbnail","6":"product_cat-acero-baja-aleacion","7":"product_cat-consumibles-y-aportes","8":"product_cat-varillas-tig","9":"yith_product_brand-bohler","11":"first","12":"instock","13":"taxable","14":"shipping-taxable","15":"product-type-simple"},"_links":{"self":[{"href":"https:\/\/meriansrl.com\/home\/wp-json\/wp\/v2\/product\/3672","targetHints":{"allow":["GET"]}}],"collection":[{"href":"https:\/\/meriansrl.com\/home\/wp-json\/wp\/v2\/product"}],"about":[{"href":"https:\/\/meriansrl.com\/home\/wp-json\/wp\/v2\/types\/product"}],"replies":[{"embeddable":true,"href":"https:\/\/meriansrl.com\/home\/wp-json\/wp\/v2\/comments?post=3672"}],"wp:featuredmedia":[{"embeddable":true,"href":"https:\/\/meriansrl.com\/home\/wp-json\/wp\/v2\/media\/3666"}],"wp:attachment":[{"href":"https:\/\/meriansrl.com\/home\/wp-json\/wp\/v2\/media?parent=3672"}],"curies":[{"name":"wp","href":"https:\/\/api.w.org\/{rel}","templated":true}]}}