{"id":3675,"date":"2020-04-17T11:39:32","date_gmt":"2020-04-17T14:39:32","guid":{"rendered":"https:\/\/meriansrl.com\/home\/?post_type=product&#038;p=3675"},"modified":"2020-07-29T15:52:29","modified_gmt":"2020-07-29T18:52:29","slug":"varilla-er80sb6","status":"publish","type":"product","link":"https:\/\/meriansrl.com\/home\/producto\/varilla-er80sb6\/","title":{"rendered":"Varilla ER80SB6"},"content":{"rendered":"<p><img loading=\"lazy\" decoding=\"async\" class=\"alignnone wp-image-3944 size-full\" src=\"https:\/\/meriansrl.com\/home\/wp-content\/uploads\/2020\/04\/80SB6.png\" alt=\"\" width=\"769\" height=\"251\" srcset=\"https:\/\/meriansrl.com\/home\/wp-content\/uploads\/2020\/04\/80SB6.png 769w, https:\/\/meriansrl.com\/home\/wp-content\/uploads\/2020\/04\/80SB6-640x209.png 640w, https:\/\/meriansrl.com\/home\/wp-content\/uploads\/2020\/04\/80SB6-400x131.png 400w, https:\/\/meriansrl.com\/home\/wp-content\/uploads\/2020\/04\/80SB6-600x196.png 600w\" sizes=\"auto, (max-width: 769px) 100vw, 769px\" \/><\/p>\n<p>Hoja T\u00e9cnica:<\/p>\n<p><a href=\"https:\/\/meriansrl.com\/home\/wp-content\/uploads\/2020\/04\/VAR-ER80SB6.pdf\" target=\"_blank\" rel=\"noopener noreferrer\">VAR ER80SB6<\/a><\/p>\n<p>&nbsp;<\/p>\n","protected":false},"excerpt":{"rendered":"<p>Varilla\/alambre de media aleaci\u00f3n, para soldadura de aceros tipo 5 Cr &#8211; 0,5 Mo (Materiales P5). Resistente a altas temperaturas en atm\u00f3sferas ricas en hidr\u00f3geno.<\/p>\n","protected":false},"featured_media":3666,"comment_status":"open","ping_status":"closed","template":"","meta":[],"class_list":{"0":"post-3675","1":"product","2":"type-product","3":"status-publish","4":"has-post-thumbnail","6":"product_cat-acero-baja-aleacion","7":"product_cat-consumibles-y-aportes","8":"product_cat-varillas-tig","9":"yith_product_brand-bohler","11":"first","12":"instock","13":"taxable","14":"shipping-taxable","15":"product-type-simple"},"_links":{"self":[{"href":"https:\/\/meriansrl.com\/home\/wp-json\/wp\/v2\/product\/3675","targetHints":{"allow":["GET"]}}],"collection":[{"href":"https:\/\/meriansrl.com\/home\/wp-json\/wp\/v2\/product"}],"about":[{"href":"https:\/\/meriansrl.com\/home\/wp-json\/wp\/v2\/types\/product"}],"replies":[{"embeddable":true,"href":"https:\/\/meriansrl.com\/home\/wp-json\/wp\/v2\/comments?post=3675"}],"wp:featuredmedia":[{"embeddable":true,"href":"https:\/\/meriansrl.com\/home\/wp-json\/wp\/v2\/media\/3666"}],"wp:attachment":[{"href":"https:\/\/meriansrl.com\/home\/wp-json\/wp\/v2\/media?parent=3675"}],"curies":[{"name":"wp","href":"https:\/\/api.w.org\/{rel}","templated":true}]}}