{"id":3677,"date":"2020-04-17T11:47:58","date_gmt":"2020-04-17T14:47:58","guid":{"rendered":"https:\/\/meriansrl.com\/home\/?post_type=product&#038;p=3677"},"modified":"2020-07-29T17:18:13","modified_gmt":"2020-07-29T20:18:13","slug":"varilla-er80sb8","status":"publish","type":"product","link":"https:\/\/meriansrl.com\/home\/producto\/varilla-er80sb8\/","title":{"rendered":"Varilla ER80SB8"},"content":{"rendered":"<p><img loading=\"lazy\" decoding=\"async\" class=\"alignnone wp-image-3945 size-full\" src=\"https:\/\/meriansrl.com\/home\/wp-content\/uploads\/2020\/04\/ER-80S-B8.png\" alt=\"\" width=\"769\" height=\"252\" srcset=\"https:\/\/meriansrl.com\/home\/wp-content\/uploads\/2020\/04\/ER-80S-B8.png 769w, https:\/\/meriansrl.com\/home\/wp-content\/uploads\/2020\/04\/ER-80S-B8-640x210.png 640w, https:\/\/meriansrl.com\/home\/wp-content\/uploads\/2020\/04\/ER-80S-B8-400x131.png 400w, https:\/\/meriansrl.com\/home\/wp-content\/uploads\/2020\/04\/ER-80S-B8-600x197.png 600w\" sizes=\"auto, (max-width: 769px) 100vw, 769px\" \/><\/p>\n<p>Hoja T\u00e9cnica:<\/p>\n<p><a href=\"https:\/\/meriansrl.com\/home\/wp-content\/uploads\/2020\/04\/VAR-ER80SB8.pdf\" target=\"_blank\" rel=\"noopener noreferrer\">VAR ER80SB8<\/a><\/p>\n","protected":false},"excerpt":{"rendered":"<p>Varilla\/alambre aleada con 9% Cr y 1% Mo, para trabajos en altas temperaturas, muy utilizado en refiner\u00edas de petr\u00f3leo, donde la concentraci\u00f3n de hidr\u00f3geno es grande.<\/p>\n","protected":false},"featured_media":3666,"comment_status":"open","ping_status":"closed","template":"","meta":[],"class_list":{"0":"post-3677","1":"product","2":"type-product","3":"status-publish","4":"has-post-thumbnail","6":"product_cat-acero-baja-aleacion","7":"product_cat-consumibles-y-aportes","8":"product_cat-varillas-tig","9":"yith_product_brand-bohler","11":"first","12":"instock","13":"taxable","14":"shipping-taxable","15":"product-type-simple"},"_links":{"self":[{"href":"https:\/\/meriansrl.com\/home\/wp-json\/wp\/v2\/product\/3677","targetHints":{"allow":["GET"]}}],"collection":[{"href":"https:\/\/meriansrl.com\/home\/wp-json\/wp\/v2\/product"}],"about":[{"href":"https:\/\/meriansrl.com\/home\/wp-json\/wp\/v2\/types\/product"}],"replies":[{"embeddable":true,"href":"https:\/\/meriansrl.com\/home\/wp-json\/wp\/v2\/comments?post=3677"}],"wp:featuredmedia":[{"embeddable":true,"href":"https:\/\/meriansrl.com\/home\/wp-json\/wp\/v2\/media\/3666"}],"wp:attachment":[{"href":"https:\/\/meriansrl.com\/home\/wp-json\/wp\/v2\/media?parent=3677"}],"curies":[{"name":"wp","href":"https:\/\/api.w.org\/{rel}","templated":true}]}}