{"id":3736,"date":"2020-04-23T11:00:09","date_gmt":"2020-04-23T14:00:09","guid":{"rendered":"https:\/\/meriansrl.com\/home\/?post_type=product&#038;p=3736"},"modified":"2020-05-29T15:21:53","modified_gmt":"2020-05-29T18:21:53","slug":"varilla-utp-a73-g-3","status":"publish","type":"product","link":"https:\/\/meriansrl.com\/home\/producto\/varilla-utp-a73-g-3\/","title":{"rendered":"Varilla UTP A73 G 3"},"content":{"rendered":"<p><img loading=\"lazy\" decoding=\"async\" class=\"alignnone wp-image-3982 size-full\" src=\"https:\/\/meriansrl.com\/home\/wp-content\/uploads\/2020\/04\/UTP-A73G3.png\" alt=\"\" width=\"776\" height=\"224\" srcset=\"https:\/\/meriansrl.com\/home\/wp-content\/uploads\/2020\/04\/UTP-A73G3.png 776w, https:\/\/meriansrl.com\/home\/wp-content\/uploads\/2020\/04\/UTP-A73G3-768x222.png 768w, https:\/\/meriansrl.com\/home\/wp-content\/uploads\/2020\/04\/UTP-A73G3-640x185.png 640w, https:\/\/meriansrl.com\/home\/wp-content\/uploads\/2020\/04\/UTP-A73G3-400x115.png 400w, https:\/\/meriansrl.com\/home\/wp-content\/uploads\/2020\/04\/UTP-A73G3-600x173.png 600w\" sizes=\"auto, (max-width: 776px) 100vw, 776px\" \/><\/p>\n<p>Hoja T\u00e9cnica:<\/p>\n<p><a href=\"https:\/\/meriansrl.com\/home\/wp-content\/uploads\/2020\/04\/UTP73-G3.pdf\" target=\"_blank\" rel=\"noopener noreferrer\">UTP73 G3<\/a><\/p>\n","protected":false},"excerpt":{"rendered":"<p>Varilla de soldadura CrMo para aplicaciones resistentes al desgaste en aceros fr\u00edos y calientes. El metal de soldadura puro alcanza una dureza de hasta 50 HRC y puede manejar temperaturas de funcionamiento de hasta 550 \u00b0 C. Debido a su menor dureza, la aleaci\u00f3n es menos susceptible al agrietamiento que UTP A 73 G2, particularmente bajo cargas t\u00e9rmicas c\u00edclicas. Esto lo hace excelente para aplicaciones de trabajo en caliente con alta compresi\u00f3n cargas en la herramienta. Esta varilla TIG se puede utilizar principalmente para realizar reparaciones m\u00e1s peque\u00f1as con costuras de soldadura de muy alta calidad.<\/p>\n","protected":false},"featured_media":3739,"comment_status":"open","ping_status":"closed","template":"","meta":[],"class_list":{"0":"post-3736","1":"product","2":"type-product","3":"status-publish","4":"has-post-thumbnail","6":"product_cat-consumibles-y-aportes","7":"product_cat-relleno-duro-niquel","8":"product_cat-varillas-tig","9":"yith_product_brand-bohler","11":"first","12":"instock","13":"taxable","14":"shipping-taxable","15":"product-type-simple"},"_links":{"self":[{"href":"https:\/\/meriansrl.com\/home\/wp-json\/wp\/v2\/product\/3736","targetHints":{"allow":["GET"]}}],"collection":[{"href":"https:\/\/meriansrl.com\/home\/wp-json\/wp\/v2\/product"}],"about":[{"href":"https:\/\/meriansrl.com\/home\/wp-json\/wp\/v2\/types\/product"}],"replies":[{"embeddable":true,"href":"https:\/\/meriansrl.com\/home\/wp-json\/wp\/v2\/comments?post=3736"}],"wp:featuredmedia":[{"embeddable":true,"href":"https:\/\/meriansrl.com\/home\/wp-json\/wp\/v2\/media\/3739"}],"wp:attachment":[{"href":"https:\/\/meriansrl.com\/home\/wp-json\/wp\/v2\/media?parent=3736"}],"curies":[{"name":"wp","href":"https:\/\/api.w.org\/{rel}","templated":true}]}}