{"id":3746,"date":"2020-04-24T10:23:23","date_gmt":"2020-04-24T13:23:23","guid":{"rendered":"https:\/\/meriansrl.com\/home\/?post_type=product&#038;p=3746"},"modified":"2020-05-29T17:26:18","modified_gmt":"2020-05-29T20:26:18","slug":"alambre-er70s6","status":"publish","type":"product","link":"https:\/\/meriansrl.com\/home\/producto\/alambre-er70s6\/","title":{"rendered":"Alambre ER70S6"},"content":{"rendered":"<p><img loading=\"lazy\" decoding=\"async\" class=\"alignnone wp-image-3986 size-full\" src=\"https:\/\/meriansrl.com\/home\/wp-content\/uploads\/2020\/04\/ER70-S6.png\" alt=\"\" width=\"776\" height=\"486\" srcset=\"https:\/\/meriansrl.com\/home\/wp-content\/uploads\/2020\/04\/ER70-S6.png 776w, https:\/\/meriansrl.com\/home\/wp-content\/uploads\/2020\/04\/ER70-S6-768x481.png 768w, https:\/\/meriansrl.com\/home\/wp-content\/uploads\/2020\/04\/ER70-S6-640x401.png 640w, https:\/\/meriansrl.com\/home\/wp-content\/uploads\/2020\/04\/ER70-S6-400x251.png 400w, https:\/\/meriansrl.com\/home\/wp-content\/uploads\/2020\/04\/ER70-S6-600x376.png 600w\" sizes=\"auto, (max-width: 776px) 100vw, 776px\" \/><\/p>\n<p>Hoja T\u00e9cnica:<\/p>\n<p><a href=\"https:\/\/meriansrl.com\/home\/wp-content\/uploads\/2020\/04\/ALAMBRE-ER70S6.pdf\" target=\"_blank\" rel=\"noopener noreferrer\">ALAMBRE ER70S6<\/a><\/p>\n","protected":false},"excerpt":{"rendered":"<p>Alambre s\u00f3lido cobreado para soldadura de aceros en general. Recipientes a presi\u00f3n, calderer\u00eda, estructuras e industria naval.<\/p>\n","protected":false},"featured_media":3749,"comment_status":"open","ping_status":"closed","template":"","meta":[],"class_list":{"0":"post-3746","1":"product","2":"type-product","3":"status-publish","4":"has-post-thumbnail","6":"product_cat-alambres-aceros-no-aleados","7":"product_cat-alambres","8":"product_cat-consumibles-y-aportes","9":"yith_product_brand-bluweld","10":"yith_product_brand-bohler","12":"first","13":"instock","14":"taxable","15":"shipping-taxable","16":"product-type-simple"},"_links":{"self":[{"href":"https:\/\/meriansrl.com\/home\/wp-json\/wp\/v2\/product\/3746","targetHints":{"allow":["GET"]}}],"collection":[{"href":"https:\/\/meriansrl.com\/home\/wp-json\/wp\/v2\/product"}],"about":[{"href":"https:\/\/meriansrl.com\/home\/wp-json\/wp\/v2\/types\/product"}],"replies":[{"embeddable":true,"href":"https:\/\/meriansrl.com\/home\/wp-json\/wp\/v2\/comments?post=3746"}],"wp:featuredmedia":[{"embeddable":true,"href":"https:\/\/meriansrl.com\/home\/wp-json\/wp\/v2\/media\/3749"}],"wp:attachment":[{"href":"https:\/\/meriansrl.com\/home\/wp-json\/wp\/v2\/media?parent=3746"}],"curies":[{"name":"wp","href":"https:\/\/api.w.org\/{rel}","templated":true}]}}