{"id":3752,"date":"2020-04-24T11:25:51","date_gmt":"2020-04-24T14:25:51","guid":{"rendered":"https:\/\/meriansrl.com\/home\/?post_type=product&#038;p=3752"},"modified":"2020-06-01T15:47:51","modified_gmt":"2020-06-01T18:47:51","slug":"varilla-er80sd2","status":"publish","type":"product","link":"https:\/\/meriansrl.com\/home\/producto\/varilla-er80sd2\/","title":{"rendered":"Alambre ER80SD2"},"content":{"rendered":"<p><img loading=\"lazy\" decoding=\"async\" class=\"alignnone wp-image-3996 size-full\" src=\"https:\/\/meriansrl.com\/home\/wp-content\/uploads\/2020\/04\/ar80sd2.png\" alt=\"\" width=\"784\" height=\"273\" srcset=\"https:\/\/meriansrl.com\/home\/wp-content\/uploads\/2020\/04\/ar80sd2.png 784w, https:\/\/meriansrl.com\/home\/wp-content\/uploads\/2020\/04\/ar80sd2-768x267.png 768w, https:\/\/meriansrl.com\/home\/wp-content\/uploads\/2020\/04\/ar80sd2-640x223.png 640w, https:\/\/meriansrl.com\/home\/wp-content\/uploads\/2020\/04\/ar80sd2-400x139.png 400w, https:\/\/meriansrl.com\/home\/wp-content\/uploads\/2020\/04\/ar80sd2-600x209.png 600w\" sizes=\"auto, (max-width: 784px) 100vw, 784px\" \/><\/p>\n","protected":false},"excerpt":{"rendered":"<p>Varilla\/alambre de baja aleaci\u00f3n para soldar aceros de construcci\u00f3n mec\u00e1nica, con \u00f3ptima tenacidad y resistencia a la fisuraci\u00f3n.<\/p>\n","protected":false},"featured_media":3513,"comment_status":"open","ping_status":"closed","template":"","meta":[],"class_list":{"0":"post-3752","1":"product","2":"type-product","3":"status-publish","4":"has-post-thumbnail","6":"product_cat-alambres-aceros-baja-y-media-aleacion","7":"product_cat-alambres","8":"product_cat-consumibles-y-aportes","9":"yith_product_brand-bohler","11":"first","12":"instock","13":"taxable","14":"shipping-taxable","15":"product-type-simple"},"_links":{"self":[{"href":"https:\/\/meriansrl.com\/home\/wp-json\/wp\/v2\/product\/3752","targetHints":{"allow":["GET"]}}],"collection":[{"href":"https:\/\/meriansrl.com\/home\/wp-json\/wp\/v2\/product"}],"about":[{"href":"https:\/\/meriansrl.com\/home\/wp-json\/wp\/v2\/types\/product"}],"replies":[{"embeddable":true,"href":"https:\/\/meriansrl.com\/home\/wp-json\/wp\/v2\/comments?post=3752"}],"wp:featuredmedia":[{"embeddable":true,"href":"https:\/\/meriansrl.com\/home\/wp-json\/wp\/v2\/media\/3513"}],"wp:attachment":[{"href":"https:\/\/meriansrl.com\/home\/wp-json\/wp\/v2\/media?parent=3752"}],"curies":[{"name":"wp","href":"https:\/\/api.w.org\/{rel}","templated":true}]}}