{"id":4005,"date":"2020-06-02T11:54:53","date_gmt":"2020-06-02T14:54:53","guid":{"rendered":"https:\/\/meriansrl.com\/home\/?post_type=product&#038;p=4005"},"modified":"2020-06-02T12:18:30","modified_gmt":"2020-06-02T15:18:30","slug":"alambre-cn-23-12-ig-er-309l","status":"publish","type":"product","link":"https:\/\/meriansrl.com\/home\/producto\/alambre-cn-23-12-ig-er-309l\/","title":{"rendered":"Alambre CN 23\/12-IG (ER 309L)"},"content":{"rendered":"<p><img loading=\"lazy\" decoding=\"async\" class=\"alignnone wp-image-4006 size-full\" src=\"https:\/\/meriansrl.com\/home\/wp-content\/uploads\/2020\/06\/ALAMBRE-309L.png\" alt=\"\" width=\"785\" height=\"307\" srcset=\"https:\/\/meriansrl.com\/home\/wp-content\/uploads\/2020\/06\/ALAMBRE-309L.png 785w, https:\/\/meriansrl.com\/home\/wp-content\/uploads\/2020\/06\/ALAMBRE-309L-768x300.png 768w, https:\/\/meriansrl.com\/home\/wp-content\/uploads\/2020\/06\/ALAMBRE-309L-640x250.png 640w, https:\/\/meriansrl.com\/home\/wp-content\/uploads\/2020\/06\/ALAMBRE-309L-400x156.png 400w, https:\/\/meriansrl.com\/home\/wp-content\/uploads\/2020\/06\/ALAMBRE-309L-600x235.png 600w\" sizes=\"auto, (max-width: 785px) 100vw, 785px\" \/><\/p>\n<p>Hoja T\u00e9cnica:<\/p>\n<p><a href=\"https:\/\/meriansrl.com\/home\/wp-content\/uploads\/2020\/06\/ALAMBRE-E390L.pdf\" target=\"_blank\" rel=\"noopener noreferrer\">ALAMBRE E390L<\/a><\/p>\n","protected":false},"excerpt":{"rendered":"<p>Varilla\/alambre para soldadura de aceros al carbono con aceros de alta aleaci\u00f3n (CrNiMo). Dep\u00f3sito de material resistente a la corrosi\u00f3n hasta 300\u00baC. Tambi\u00e9n usado en &#8220;cladeados&#8221;.<\/p>\n","protected":false},"featured_media":4004,"comment_status":"open","ping_status":"closed","template":"","meta":[],"class_list":{"0":"post-4005","1":"product","2":"type-product","3":"status-publish","4":"has-post-thumbnail","6":"product_cat-alambres-aceros-inoxidables","7":"product_cat-alambres","8":"product_cat-consumibles-y-aportes","9":"yith_product_brand-bluweld","10":"yith_product_brand-bohler","12":"first","13":"instock","14":"taxable","15":"shipping-taxable","16":"product-type-simple"},"_links":{"self":[{"href":"https:\/\/meriansrl.com\/home\/wp-json\/wp\/v2\/product\/4005","targetHints":{"allow":["GET"]}}],"collection":[{"href":"https:\/\/meriansrl.com\/home\/wp-json\/wp\/v2\/product"}],"about":[{"href":"https:\/\/meriansrl.com\/home\/wp-json\/wp\/v2\/types\/product"}],"replies":[{"embeddable":true,"href":"https:\/\/meriansrl.com\/home\/wp-json\/wp\/v2\/comments?post=4005"}],"wp:featuredmedia":[{"embeddable":true,"href":"https:\/\/meriansrl.com\/home\/wp-json\/wp\/v2\/media\/4004"}],"wp:attachment":[{"href":"https:\/\/meriansrl.com\/home\/wp-json\/wp\/v2\/media?parent=4005"}],"curies":[{"name":"wp","href":"https:\/\/api.w.org\/{rel}","templated":true}]}}